{"id":4053,"date":"2024-02-02T13:03:14","date_gmt":"2024-02-02T13:03:14","guid":{"rendered":"https:\/\/www.multipartner.hr\/?page_id=4053"},"modified":"2024-02-12T12:37:26","modified_gmt":"2024-02-12T12:37:26","slug":"usluge","status":"publish","type":"page","link":"https:\/\/www.multipartner.hr\/hr\/usluge\/","title":{"rendered":"Usluge"},"content":{"rendered":"<div class=\"wpb-content-wrapper\"><p>[vc_row type=&#8221;vc_default&#8221; css=&#8221;.vc_custom_1512051712468{padding-top: 80px !important;padding-bottom: 60px !important;}&#8221;][vc_column offset=&#8221;vc_col-lg-12 vc_col-md-12 vc_col-xs-12&#8243;]<div id=\"ultimate-heading-483769f0a747a92d5\" class=\"uvc-heading ult-adjust-bottom-margin ultimate-heading-483769f0a747a92d5 uvc-1977 accent-border-color\" data-hspacer=\"line_only\"  data-halign=\"left\" style=\"text-align:left\"><div class=\"uvc-main-heading ult-responsive\"  data-ultimate-target='.uvc-heading.ultimate-heading-483769f0a747a92d5 h2'  data-responsive-json-new='{\"font-size\":\"desktop:26px;\",\"line-height\":\"desktop:36px;\"}' ><h2 style=\"font-weight:bold;\">Ovla\u0161teni servisni centar<\/h2><\/div><div class=\"uvc-heading-spacer line_only\" style=\"margin-top:15px;margin-bottom:30px;height:4px;\"><span class=\"uvc-headings-line\" style=\"border-style:solid;border-bottom-width:4px;border-color:;width:50px;\"><\/span><\/div><\/div>[vc_column_text]<\/p>\n<div>\n<p>Na\u0161i djelatnici se konstantno educiraju te pru\u017eaju vrhunsku podr\u0161ku svim korisnicima rashladnih ure\u0111aja, grija\u010da, utovarnim rampama i svim ostalim proizvoda partnera \u010diji smo zastupnici.<\/p>\n<div>\n<p>Isto tako imamo osigurani 24\/7 servisni pozivni centar te slu\u017ebenim servisnim vozilom mo\u017eemo po potrebi izvr\u0161iti intervenciju i na terenu.<\/p>\n<\/div>\n<\/div>\n<p>[\/vc_column_text][vc_media_grid grid_id=&#8221;vc_gid:1706885725157-57657a67-701b-8&#8243; include=&#8221;4059,4058&#8243;][vc_empty_space][\/vc_column][\/vc_row][vc_row type=&#8221;vc_default&#8221; css=&#8221;.vc_custom_1512051712468{padding-top: 80px !important;padding-bottom: 60px !important;}&#8221;][vc_column offset=&#8221;vc_col-lg-12 vc_col-md-12 vc_col-xs-12&#8243;]<div id=\"ultimate-heading-818869f0a747a93e1\" class=\"uvc-heading ult-adjust-bottom-margin ultimate-heading-818869f0a747a93e1 uvc-6394 accent-border-color\" data-hspacer=\"line_only\"  data-halign=\"left\" style=\"text-align:left\"><div class=\"uvc-main-heading ult-responsive\"  data-ultimate-target='.uvc-heading.ultimate-heading-818869f0a747a93e1 h2'  data-responsive-json-new='{\"font-size\":\"desktop:26px;\",\"line-height\":\"desktop:36px;\"}' ><h2 style=\"font-weight:bold;\">Radionica za ispitivanje tahografa<\/h2><\/div><div class=\"uvc-heading-spacer line_only\" style=\"margin-top:15px;margin-bottom:30px;height:4px;\"><span class=\"uvc-headings-line\" style=\"border-style:solid;border-bottom-width:4px;border-color:;width:50px;\"><\/span><\/div><\/div>[vc_column_text]<\/p>\n<div>\n<p>Na\u0161a nova radionica za ispitivanje tahografa slu\u017ebeno je zapo\u010dela s radom 1.4.2023. Tehni\u010dari za ispitivanje pro\u0161li su sve potrebne seminare te su educirani i za najnovije tipove pametnih tahografa te DSRC modula i GNSS modula.<\/p>\n<div>\n<p>Radionica nudi sljede\u0107e usluge:<\/p>\n<ul>\n<li>Ispitivanje svih tahografa \u2013 analogni, digitalni, pametni<\/li>\n<li>Ispitivanje ograni\u010diva\u010da brzine za sva vozila<\/li>\n<li>Ispitivanje DSRC modula kod pametnih tahografa<\/li>\n<li>Ispitivanje GNSS modula kod pametnih tahografa<\/li>\n<\/ul>\n<\/div>\n<\/div>\n<p>[\/vc_column_text][vc_media_grid grid_id=&#8221;vc_gid:1706885725158-0c68461f-427e-10&#8243; include=&#8221;4055,4054&#8243;][\/vc_column][\/vc_row]<\/p>\n<\/div>","protected":false},"excerpt":{"rendered":"<p>[vc_row type=&#8221;vc_default&#8221; css=&#8221;.vc_custom_1512051712468{padding-top: 80px !important;padding-bottom: 60px !important;}&#8221;][vc_column offset=&#8221;vc_col-lg-12 vc_col-md-12 vc_col-xs-12&#8243;][vc_column_text] Na\u0161i djelatnici se konstantno educiraju te pru\u017eaju vrhunsku podr\u0161ku svim korisnicima rashladnih ure\u0111aja, grija\u010da, utovarnim rampama i svim ostalim proizvoda partnera \u010diji smo zastupnici. Isto tako imamo osigurani 24\/7 servisni pozivni centar te slu\u017ebenim servisnim vozilom mo\u017eemo po potrebi izvr\u0161iti intervenciju i na terenu. [\/vc_column_text][vc_media_grid&hellip;<\/p>\n","protected":false},"author":2,"featured_media":0,"parent":0,"menu_order":2,"comment_status":"closed","ping_status":"closed","template":"","meta":{"footnotes":""},"class_list":["post-4053","page","type-page","status-publish","hentry","description-off"],"yoast_head":"<!-- This site is optimized with the Yoast SEO plugin v26.4 - https:\/\/yoast.com\/wordpress\/plugins\/seo\/ -->\n<title>MultiPartner - Usluge<\/title>\n<meta name=\"description\" content=\"Osim \u0161irokog spektra rje\u0161enja za nadogradnje vozila, MultiPartner nudi i usluge poput servisnog centra te radionice za ispitivanje tahografa.\" \/>\n<meta name=\"robots\" content=\"index, follow, max-snippet:-1, max-image-preview:large, max-video-preview:-1\" \/>\n<link rel=\"canonical\" href=\"https:\/\/www.multipartner.hr\/hr\/usluge\/\" \/>\n<meta property=\"og:locale\" content=\"hr_HR\" \/>\n<meta property=\"og:type\" content=\"article\" \/>\n<meta property=\"og:title\" content=\"MultiPartner - Usluge\" \/>\n<meta property=\"og:description\" content=\"Osim \u0161irokog spektra rje\u0161enja za nadogradnje vozila, MultiPartner nudi i usluge poput servisnog centra te radionice za ispitivanje tahografa.\" \/>\n<meta property=\"og:url\" content=\"https:\/\/www.multipartner.hr\/hr\/usluge\/\" \/>\n<meta property=\"og:site_name\" content=\"MultiPartner\" \/>\n<meta property=\"article:publisher\" content=\"https:\/\/www.facebook.com\/profile.php?id=100064068909354\" \/>\n<meta property=\"article:modified_time\" content=\"2024-02-12T12:37:26+00:00\" \/>\n<meta name=\"twitter:card\" content=\"summary_large_image\" \/>\n<meta name=\"twitter:label1\" content=\"Procijenjeno vrijeme \u010ditanja\" \/>\n\t<meta name=\"twitter:data1\" content=\"1 minuta\" \/>\n<script type=\"application\/ld+json\" class=\"yoast-schema-graph\">{\"@context\":\"https:\/\/schema.org\",\"@graph\":[{\"@type\":\"WebPage\",\"@id\":\"https:\/\/www.multipartner.hr\/hr\/usluge\/\",\"url\":\"https:\/\/www.multipartner.hr\/hr\/usluge\/\",\"name\":\"MultiPartner - Usluge\",\"isPartOf\":{\"@id\":\"https:\/\/www.multipartner.hr\/hr\/#website\"},\"datePublished\":\"2024-02-02T13:03:14+00:00\",\"dateModified\":\"2024-02-12T12:37:26+00:00\",\"description\":\"Osim \u0161irokog spektra rje\u0161enja za nadogradnje vozila, MultiPartner nudi i usluge poput servisnog centra te radionice za ispitivanje tahografa.\",\"breadcrumb\":{\"@id\":\"https:\/\/www.multipartner.hr\/hr\/usluge\/#breadcrumb\"},\"inLanguage\":\"hr\",\"potentialAction\":[{\"@type\":\"ReadAction\",\"target\":[[\"https:\/\/www.multipartner.hr\/hr\/usluge\/\"]]}]},{\"@type\":\"BreadcrumbList\",\"@id\":\"https:\/\/www.multipartner.hr\/hr\/usluge\/#breadcrumb\",\"itemListElement\":[{\"@type\":\"ListItem\",\"position\":1,\"name\":\"Home\",\"item\":\"https:\/\/www.multipartner.hr\/hr\/\"},{\"@type\":\"ListItem\",\"position\":2,\"name\":\"Usluge\"}]},{\"@type\":\"WebSite\",\"@id\":\"https:\/\/www.multipartner.hr\/hr\/#website\",\"url\":\"https:\/\/www.multipartner.hr\/hr\/\",\"name\":\"MultiPartner\",\"description\":\"Nadogradnje vozila\",\"publisher\":{\"@id\":\"https:\/\/www.multipartner.hr\/hr\/#organization\"},\"potentialAction\":[{\"@type\":\"SearchAction\",\"target\":{\"@type\":\"EntryPoint\",\"urlTemplate\":\"https:\/\/www.multipartner.hr\/hr\/?s={search_term_string}\"},\"query-input\":{\"@type\":\"PropertyValueSpecification\",\"valueRequired\":true,\"valueName\":\"search_term_string\"}}],\"inLanguage\":\"hr\"},{\"@type\":\"Organization\",\"@id\":\"https:\/\/www.multipartner.hr\/hr\/#organization\",\"name\":\"MultiPartner\",\"url\":\"https:\/\/www.multipartner.hr\/hr\/\",\"logo\":{\"@type\":\"ImageObject\",\"inLanguage\":\"hr\",\"@id\":\"https:\/\/www.multipartner.hr\/hr\/#\/schema\/logo\/image\/\",\"url\":\"https:\/\/www.multipartner.hr\/wp-content\/uploads\/2017\/11\/multipartner-logotip.png\",\"contentUrl\":\"https:\/\/www.multipartner.hr\/wp-content\/uploads\/2017\/11\/multipartner-logotip.png\",\"width\":186,\"height\":40,\"caption\":\"MultiPartner\"},\"image\":{\"@id\":\"https:\/\/www.multipartner.hr\/hr\/#\/schema\/logo\/image\/\"},\"sameAs\":[\"https:\/\/www.facebook.com\/profile.php?id=100064068909354\"]}]}<\/script>\n<!-- \/ Yoast SEO plugin. -->","yoast_head_json":{"title":"MultiPartner - Usluge","description":"Osim \u0161irokog spektra rje\u0161enja za nadogradnje vozila, MultiPartner nudi i usluge poput servisnog centra te radionice za ispitivanje tahografa.","robots":{"index":"index","follow":"follow","max-snippet":"max-snippet:-1","max-image-preview":"max-image-preview:large","max-video-preview":"max-video-preview:-1"},"canonical":"https:\/\/www.multipartner.hr\/hr\/usluge\/","og_locale":"hr_HR","og_type":"article","og_title":"MultiPartner - Usluge","og_description":"Osim \u0161irokog spektra rje\u0161enja za nadogradnje vozila, MultiPartner nudi i usluge poput servisnog centra te radionice za ispitivanje tahografa.","og_url":"https:\/\/www.multipartner.hr\/hr\/usluge\/","og_site_name":"MultiPartner","article_publisher":"https:\/\/www.facebook.com\/profile.php?id=100064068909354","article_modified_time":"2024-02-12T12:37:26+00:00","twitter_card":"summary_large_image","twitter_misc":{"Procijenjeno vrijeme \u010ditanja":"1 minuta"},"schema":{"@context":"https:\/\/schema.org","@graph":[{"@type":"WebPage","@id":"https:\/\/www.multipartner.hr\/hr\/usluge\/","url":"https:\/\/www.multipartner.hr\/hr\/usluge\/","name":"MultiPartner - Usluge","isPartOf":{"@id":"https:\/\/www.multipartner.hr\/hr\/#website"},"datePublished":"2024-02-02T13:03:14+00:00","dateModified":"2024-02-12T12:37:26+00:00","description":"Osim \u0161irokog spektra rje\u0161enja za nadogradnje vozila, MultiPartner nudi i usluge poput servisnog centra te radionice za ispitivanje tahografa.","breadcrumb":{"@id":"https:\/\/www.multipartner.hr\/hr\/usluge\/#breadcrumb"},"inLanguage":"hr","potentialAction":[{"@type":"ReadAction","target":[["https:\/\/www.multipartner.hr\/hr\/usluge\/"]]}]},{"@type":"BreadcrumbList","@id":"https:\/\/www.multipartner.hr\/hr\/usluge\/#breadcrumb","itemListElement":[{"@type":"ListItem","position":1,"name":"Home","item":"https:\/\/www.multipartner.hr\/hr\/"},{"@type":"ListItem","position":2,"name":"Usluge"}]},{"@type":"WebSite","@id":"https:\/\/www.multipartner.hr\/hr\/#website","url":"https:\/\/www.multipartner.hr\/hr\/","name":"MultiPartner","description":"Nadogradnje vozila","publisher":{"@id":"https:\/\/www.multipartner.hr\/hr\/#organization"},"potentialAction":[{"@type":"SearchAction","target":{"@type":"EntryPoint","urlTemplate":"https:\/\/www.multipartner.hr\/hr\/?s={search_term_string}"},"query-input":{"@type":"PropertyValueSpecification","valueRequired":true,"valueName":"search_term_string"}}],"inLanguage":"hr"},{"@type":"Organization","@id":"https:\/\/www.multipartner.hr\/hr\/#organization","name":"MultiPartner","url":"https:\/\/www.multipartner.hr\/hr\/","logo":{"@type":"ImageObject","inLanguage":"hr","@id":"https:\/\/www.multipartner.hr\/hr\/#\/schema\/logo\/image\/","url":"https:\/\/www.multipartner.hr\/wp-content\/uploads\/2017\/11\/multipartner-logotip.png","contentUrl":"https:\/\/www.multipartner.hr\/wp-content\/uploads\/2017\/11\/multipartner-logotip.png","width":186,"height":40,"caption":"MultiPartner"},"image":{"@id":"https:\/\/www.multipartner.hr\/hr\/#\/schema\/logo\/image\/"},"sameAs":["https:\/\/www.facebook.com\/profile.php?id=100064068909354"]}]}},"_links":{"self":[{"href":"https:\/\/www.multipartner.hr\/hr\/wp-json\/wp\/v2\/pages\/4053","targetHints":{"allow":["GET"]}}],"collection":[{"href":"https:\/\/www.multipartner.hr\/hr\/wp-json\/wp\/v2\/pages"}],"about":[{"href":"https:\/\/www.multipartner.hr\/hr\/wp-json\/wp\/v2\/types\/page"}],"author":[{"embeddable":true,"href":"https:\/\/www.multipartner.hr\/hr\/wp-json\/wp\/v2\/users\/2"}],"replies":[{"embeddable":true,"href":"https:\/\/www.multipartner.hr\/hr\/wp-json\/wp\/v2\/comments?post=4053"}],"version-history":[{"count":5,"href":"https:\/\/www.multipartner.hr\/hr\/wp-json\/wp\/v2\/pages\/4053\/revisions"}],"predecessor-version":[{"id":4086,"href":"https:\/\/www.multipartner.hr\/hr\/wp-json\/wp\/v2\/pages\/4053\/revisions\/4086"}],"wp:attachment":[{"href":"https:\/\/www.multipartner.hr\/hr\/wp-json\/wp\/v2\/media?parent=4053"}],"curies":[{"name":"wp","href":"https:\/\/api.w.org\/{rel}","templated":true}]}}