{"id":3724,"date":"2023-02-07T00:17:53","date_gmt":"2023-02-07T00:17:53","guid":{"rendered":"https:\/\/www.multipartner.hr\/?page_id=3724"},"modified":"2024-02-28T11:12:23","modified_gmt":"2024-02-28T11:12:23","slug":"vozila-oprema-i-rezervni-dijelovi","status":"publish","type":"page","link":"https:\/\/www.multipartner.hr\/hr\/vozila-oprema-i-rezervni-dijelovi\/","title":{"rendered":"Vozila, oprema i rezervni dijelovi"},"content":{"rendered":"<div class=\"wpb-content-wrapper\"><p>[vc_section][\/vc_section][vc_row type=&#8221;vc_default&#8221; css=&#8221;.vc_custom_1512123028169{margin-bottom: -30px !important;padding-top: 30px !important;padding-bottom: 30px !important;}&#8221;][vc_column offset=&#8221;vc_col-lg-12 vc_col-md-12 vc_col-xs-12&#8243;][vc_column_text css=&#8221;.vc_custom_1709118686061{padding-bottom: 10px !important;}&#8221;]<\/p>\n<h3>Vozila<\/h3>\n<p>&nbsp;<\/p>\n<p>Ako ste u potrazi za vozilom po Va\u0161oj mjeri, <u>na\u0161a ponuda osobnih vozila prigodna za transport osoba s invaliditetom<\/u> obuhva\u0107a opcije kako bi zadovoljila Va\u0161e potrebe i pru\u017eila nevjerojatno iskustvo vo\u017enje. Fokusirani na pru\u017eanje vrhunskih vozila, nudimo Vam izbor izme\u0111u novih ili rabljenih vozila do 10 godina starosti. Na\u0161a ponuda naj\u010de\u0161\u0107e uklju\u010duje popularne modele poput Peugoet Riftera te Ford Tournea, ali i mnoga druga. Vozila su to koja kombiniraju elegantan dizajn s prakti\u010dno\u0161\u0107u i vrhunskom izvedbom. Tako\u0111er, na\u0161a ponuda uklju\u010duje i elektri\u010dna vozila.<\/p>\n<p>Ako \u017eelite dodatno personalizirati svoje vozilo, nudimo mogu\u0107nost dodatne nadogradnje prema Va\u0161im \u017eeljama i potrebama. Bilo da je rije\u010d o pobolj\u0161anju tehnolo\u0161kih zna\u010dajki, dodavanju dodatne opreme ili prilagodbi unutra\u0161njosti, \u017eelimo da Va\u0161e vozilo odra\u017eava Va\u0161 jedinstveni stil i preferencije uz davanje garancije za na\u0161u izvedbu.<\/p>\n<p>Va\u0161a vo\u017enja nikada nije bila osobnija i zato nam se obratite s potpunim povjerenjem![\/vc_column_text][vc_media_grid element_width=&#8221;2&#8243; gap=&#8221;3&#8243; item=&#8221;mediaGrid_FadeInWithIcon&#8221; grid_id=&#8221;vc_gid:1709118372538-c3a0aef0-34b4-9&#8243; include=&#8221;4017,4018,4019,4020,4021&#8243;][vc_empty_space height=&#8221;50px&#8221;][\/vc_column][\/vc_row][vc_row type=&#8221;vc_default&#8221; css=&#8221;.vc_custom_1512123028169{margin-bottom: -30px !important;padding-top: 30px !important;padding-bottom: 30px !important;}&#8221;][vc_column offset=&#8221;vc_col-lg-12 vc_col-md-12 vc_col-xs-12&#8243;][vc_column_text css=&#8221;.vc_custom_1709118705350{padding-bottom: 10px !important;}&#8221;]<\/p>\n<h3>Oprema<\/h3>\n<p>&nbsp;<\/p>\n<p>U svijetu mobilnosti, prilagodljivost i dodatna oprema igraju klju\u010dnu ulogu u optimizaciji va\u0161eg voznog iskustva. Na\u0161a ponuda opreme vam omogu\u0107ava da sami prilagodite svoje vozilo prema specifi\u010dnim potrebama. Bez potrebe za profesionalnom monta\u017eom, nudimo vam inovativna rje\u0161enja koja \u0107e pobolj\u0161ati udobnost, sigurnost i funkcionalnost va\u0161eg vozila.[\/vc_column_text][vc_media_grid element_width=&#8221;2&#8243; gap=&#8221;3&#8243; item=&#8221;mediaGrid_FadeInWithIcon&#8221; grid_id=&#8221;vc_gid:1709118372547-be7127de-1958-6&#8243;][vc_empty_space height=&#8221;50px&#8221;][\/vc_column][\/vc_row][vc_row type=&#8221;vc_default&#8221; css=&#8221;.vc_custom_1512123028169{margin-bottom: -30px !important;padding-top: 30px !important;padding-bottom: 30px !important;}&#8221;][vc_column offset=&#8221;vc_col-lg-12 vc_col-md-12 vc_col-xs-12&#8243;][vc_column_text css=&#8221;.vc_custom_1709118729438{padding-bottom: 10px !important;}&#8221;]<\/p>\n<h3>Rezervni dijelovi<\/h3>\n<p>&nbsp;<\/p>\n<p>U dinami\u010dnom svijetu mobilnosti, odr\u017eavanje va\u0161e poslovne opreme klju\u010dno je za osiguravanje neometanog poslovanja. Kako biste osigurali dugotrajan i pouzdan rad va\u0161ih vozila, nudimo vam \u0161irok spektar rezervnih dijelova iz razli\u010ditih kategorija proizvo\u0111a\u010da. Bez obzira jeste li u potrazi za rashladnim sustavima, sigurnosnom opremom, opremom za prilagodbu vozila ili dodacima za pokretne urede, na\u0161a ponuda zadovoljava sve va\u0161e potrebe.[\/vc_column_text][vc_media_grid element_width=&#8221;2&#8243; gap=&#8221;3&#8243; item=&#8221;mediaGrid_FadeInWithIcon&#8221; grid_id=&#8221;vc_gid:1709118372548-86bc1b90-2adf-9&#8243;][vc_empty_space height=&#8221;50px&#8221;][\/vc_column][\/vc_row][vc_section][\/vc_section]<\/p>\n<\/div>","protected":false},"excerpt":{"rendered":"<p>[vc_section][\/vc_section][vc_row type=&#8221;vc_default&#8221; css=&#8221;.vc_custom_1512123028169{margin-bottom: -30px !important;padding-top: 30px !important;padding-bottom: 30px !important;}&#8221;][vc_column offset=&#8221;vc_col-lg-12 vc_col-md-12 vc_col-xs-12&#8243;][vc_column_text css=&#8221;.vc_custom_1709118686061{padding-bottom: 10px !important;}&#8221;] Vozila &nbsp; Ako ste u potrazi za vozilom po Va\u0161oj mjeri, na\u0161a ponuda osobnih vozila prigodna za transport osoba s invaliditetom obuhva\u0107a opcije kako bi zadovoljila Va\u0161e potrebe i pru\u017eila nevjerojatno iskustvo vo\u017enje. Fokusirani na pru\u017eanje vrhunskih vozila, nudimo Vam&hellip;<\/p>\n","protected":false},"author":2,"featured_media":0,"parent":0,"menu_order":0,"comment_status":"closed","ping_status":"closed","template":"","meta":{"footnotes":""},"class_list":["post-3724","page","type-page","status-publish","hentry","description-off"],"yoast_head":"<!-- This site is optimized with the Yoast SEO plugin v26.4 - https:\/\/yoast.com\/wordpress\/plugins\/seo\/ -->\n<title>MultiPartner - Vozila, oprema i rezervni dijelovi<\/title>\n<meta name=\"description\" content=\"Nudimo specijalna vozila s radnom ko\u0161arom, rabljena vozila za prijevoz OSI, Vigia (ATIS) sustave te opremu i rezervne dijelove za nadogradnje\" \/>\n<meta name=\"robots\" content=\"index, follow, max-snippet:-1, max-image-preview:large, max-video-preview:-1\" \/>\n<link rel=\"canonical\" href=\"https:\/\/www.multipartner.hr\/hr\/vozila-oprema-i-rezervni-dijelovi\/\" \/>\n<meta property=\"og:locale\" content=\"hr_HR\" \/>\n<meta property=\"og:type\" content=\"article\" \/>\n<meta property=\"og:title\" content=\"MultiPartner - Vozila, oprema i rezervni dijelovi\" \/>\n<meta property=\"og:description\" content=\"Nudimo specijalna vozila s radnom ko\u0161arom, rabljena vozila za prijevoz OSI, Vigia (ATIS) sustave te opremu i rezervne dijelove za nadogradnje\" \/>\n<meta property=\"og:url\" content=\"https:\/\/www.multipartner.hr\/hr\/vozila-oprema-i-rezervni-dijelovi\/\" \/>\n<meta property=\"og:site_name\" content=\"MultiPartner\" \/>\n<meta property=\"article:publisher\" content=\"https:\/\/www.facebook.com\/profile.php?id=100064068909354\" \/>\n<meta property=\"article:modified_time\" content=\"2024-02-28T11:12:23+00:00\" \/>\n<meta name=\"twitter:card\" content=\"summary_large_image\" \/>\n<meta name=\"twitter:label1\" content=\"Procijenjeno vrijeme \u010ditanja\" \/>\n\t<meta name=\"twitter:data1\" content=\"3 minute\" \/>\n<script type=\"application\/ld+json\" class=\"yoast-schema-graph\">{\"@context\":\"https:\/\/schema.org\",\"@graph\":[{\"@type\":\"WebPage\",\"@id\":\"https:\/\/www.multipartner.hr\/hr\/vozila-oprema-i-rezervni-dijelovi\/\",\"url\":\"https:\/\/www.multipartner.hr\/hr\/vozila-oprema-i-rezervni-dijelovi\/\",\"name\":\"MultiPartner - Vozila, oprema i rezervni dijelovi\",\"isPartOf\":{\"@id\":\"https:\/\/www.multipartner.hr\/hr\/#website\"},\"datePublished\":\"2023-02-07T00:17:53+00:00\",\"dateModified\":\"2024-02-28T11:12:23+00:00\",\"description\":\"Nudimo specijalna vozila s radnom ko\u0161arom, rabljena vozila za prijevoz OSI, Vigia (ATIS) sustave te opremu i rezervne dijelove za nadogradnje\",\"breadcrumb\":{\"@id\":\"https:\/\/www.multipartner.hr\/hr\/vozila-oprema-i-rezervni-dijelovi\/#breadcrumb\"},\"inLanguage\":\"hr\",\"potentialAction\":[{\"@type\":\"ReadAction\",\"target\":[[\"https:\/\/www.multipartner.hr\/hr\/vozila-oprema-i-rezervni-dijelovi\/\"]]}]},{\"@type\":\"BreadcrumbList\",\"@id\":\"https:\/\/www.multipartner.hr\/hr\/vozila-oprema-i-rezervni-dijelovi\/#breadcrumb\",\"itemListElement\":[{\"@type\":\"ListItem\",\"position\":1,\"name\":\"Home\",\"item\":\"https:\/\/www.multipartner.hr\/hr\/\"},{\"@type\":\"ListItem\",\"position\":2,\"name\":\"Vozila, oprema i rezervni dijelovi\"}]},{\"@type\":\"WebSite\",\"@id\":\"https:\/\/www.multipartner.hr\/hr\/#website\",\"url\":\"https:\/\/www.multipartner.hr\/hr\/\",\"name\":\"MultiPartner\",\"description\":\"Nadogradnje vozila\",\"publisher\":{\"@id\":\"https:\/\/www.multipartner.hr\/hr\/#organization\"},\"potentialAction\":[{\"@type\":\"SearchAction\",\"target\":{\"@type\":\"EntryPoint\",\"urlTemplate\":\"https:\/\/www.multipartner.hr\/hr\/?s={search_term_string}\"},\"query-input\":{\"@type\":\"PropertyValueSpecification\",\"valueRequired\":true,\"valueName\":\"search_term_string\"}}],\"inLanguage\":\"hr\"},{\"@type\":\"Organization\",\"@id\":\"https:\/\/www.multipartner.hr\/hr\/#organization\",\"name\":\"MultiPartner\",\"url\":\"https:\/\/www.multipartner.hr\/hr\/\",\"logo\":{\"@type\":\"ImageObject\",\"inLanguage\":\"hr\",\"@id\":\"https:\/\/www.multipartner.hr\/hr\/#\/schema\/logo\/image\/\",\"url\":\"https:\/\/www.multipartner.hr\/wp-content\/uploads\/2017\/11\/multipartner-logotip.png\",\"contentUrl\":\"https:\/\/www.multipartner.hr\/wp-content\/uploads\/2017\/11\/multipartner-logotip.png\",\"width\":186,\"height\":40,\"caption\":\"MultiPartner\"},\"image\":{\"@id\":\"https:\/\/www.multipartner.hr\/hr\/#\/schema\/logo\/image\/\"},\"sameAs\":[\"https:\/\/www.facebook.com\/profile.php?id=100064068909354\"]}]}<\/script>\n<!-- \/ Yoast SEO plugin. -->","yoast_head_json":{"title":"MultiPartner - Vozila, oprema i rezervni dijelovi","description":"Nudimo specijalna vozila s radnom ko\u0161arom, rabljena vozila za prijevoz OSI, Vigia (ATIS) sustave te opremu i rezervne dijelove za nadogradnje","robots":{"index":"index","follow":"follow","max-snippet":"max-snippet:-1","max-image-preview":"max-image-preview:large","max-video-preview":"max-video-preview:-1"},"canonical":"https:\/\/www.multipartner.hr\/hr\/vozila-oprema-i-rezervni-dijelovi\/","og_locale":"hr_HR","og_type":"article","og_title":"MultiPartner - Vozila, oprema i rezervni dijelovi","og_description":"Nudimo specijalna vozila s radnom ko\u0161arom, rabljena vozila za prijevoz OSI, Vigia (ATIS) sustave te opremu i rezervne dijelove za nadogradnje","og_url":"https:\/\/www.multipartner.hr\/hr\/vozila-oprema-i-rezervni-dijelovi\/","og_site_name":"MultiPartner","article_publisher":"https:\/\/www.facebook.com\/profile.php?id=100064068909354","article_modified_time":"2024-02-28T11:12:23+00:00","twitter_card":"summary_large_image","twitter_misc":{"Procijenjeno vrijeme \u010ditanja":"3 minute"},"schema":{"@context":"https:\/\/schema.org","@graph":[{"@type":"WebPage","@id":"https:\/\/www.multipartner.hr\/hr\/vozila-oprema-i-rezervni-dijelovi\/","url":"https:\/\/www.multipartner.hr\/hr\/vozila-oprema-i-rezervni-dijelovi\/","name":"MultiPartner - Vozila, oprema i rezervni dijelovi","isPartOf":{"@id":"https:\/\/www.multipartner.hr\/hr\/#website"},"datePublished":"2023-02-07T00:17:53+00:00","dateModified":"2024-02-28T11:12:23+00:00","description":"Nudimo specijalna vozila s radnom ko\u0161arom, rabljena vozila za prijevoz OSI, Vigia (ATIS) sustave te opremu i rezervne dijelove za nadogradnje","breadcrumb":{"@id":"https:\/\/www.multipartner.hr\/hr\/vozila-oprema-i-rezervni-dijelovi\/#breadcrumb"},"inLanguage":"hr","potentialAction":[{"@type":"ReadAction","target":[["https:\/\/www.multipartner.hr\/hr\/vozila-oprema-i-rezervni-dijelovi\/"]]}]},{"@type":"BreadcrumbList","@id":"https:\/\/www.multipartner.hr\/hr\/vozila-oprema-i-rezervni-dijelovi\/#breadcrumb","itemListElement":[{"@type":"ListItem","position":1,"name":"Home","item":"https:\/\/www.multipartner.hr\/hr\/"},{"@type":"ListItem","position":2,"name":"Vozila, oprema i rezervni dijelovi"}]},{"@type":"WebSite","@id":"https:\/\/www.multipartner.hr\/hr\/#website","url":"https:\/\/www.multipartner.hr\/hr\/","name":"MultiPartner","description":"Nadogradnje vozila","publisher":{"@id":"https:\/\/www.multipartner.hr\/hr\/#organization"},"potentialAction":[{"@type":"SearchAction","target":{"@type":"EntryPoint","urlTemplate":"https:\/\/www.multipartner.hr\/hr\/?s={search_term_string}"},"query-input":{"@type":"PropertyValueSpecification","valueRequired":true,"valueName":"search_term_string"}}],"inLanguage":"hr"},{"@type":"Organization","@id":"https:\/\/www.multipartner.hr\/hr\/#organization","name":"MultiPartner","url":"https:\/\/www.multipartner.hr\/hr\/","logo":{"@type":"ImageObject","inLanguage":"hr","@id":"https:\/\/www.multipartner.hr\/hr\/#\/schema\/logo\/image\/","url":"https:\/\/www.multipartner.hr\/wp-content\/uploads\/2017\/11\/multipartner-logotip.png","contentUrl":"https:\/\/www.multipartner.hr\/wp-content\/uploads\/2017\/11\/multipartner-logotip.png","width":186,"height":40,"caption":"MultiPartner"},"image":{"@id":"https:\/\/www.multipartner.hr\/hr\/#\/schema\/logo\/image\/"},"sameAs":["https:\/\/www.facebook.com\/profile.php?id=100064068909354"]}]}},"_links":{"self":[{"href":"https:\/\/www.multipartner.hr\/hr\/wp-json\/wp\/v2\/pages\/3724","targetHints":{"allow":["GET"]}}],"collection":[{"href":"https:\/\/www.multipartner.hr\/hr\/wp-json\/wp\/v2\/pages"}],"about":[{"href":"https:\/\/www.multipartner.hr\/hr\/wp-json\/wp\/v2\/types\/page"}],"author":[{"embeddable":true,"href":"https:\/\/www.multipartner.hr\/hr\/wp-json\/wp\/v2\/users\/2"}],"replies":[{"embeddable":true,"href":"https:\/\/www.multipartner.hr\/hr\/wp-json\/wp\/v2\/comments?post=3724"}],"version-history":[{"count":6,"href":"https:\/\/www.multipartner.hr\/hr\/wp-json\/wp\/v2\/pages\/3724\/revisions"}],"predecessor-version":[{"id":4327,"href":"https:\/\/www.multipartner.hr\/hr\/wp-json\/wp\/v2\/pages\/3724\/revisions\/4327"}],"wp:attachment":[{"href":"https:\/\/www.multipartner.hr\/hr\/wp-json\/wp\/v2\/media?parent=3724"}],"curies":[{"name":"wp","href":"https:\/\/api.w.org\/{rel}","templated":true}]}}