{"id":1171,"date":"2017-12-01T10:04:52","date_gmt":"2017-12-01T10:04:52","guid":{"rendered":"http:\/\/www.multipartner.hr\/?page_id=1171"},"modified":"2024-02-28T12:52:29","modified_gmt":"2024-02-28T12:52:29","slug":"special","status":"publish","type":"page","link":"https:\/\/www.multipartner.hr\/hr\/special\/","title":{"rendered":"Special"},"content":{"rendered":"<div class=\"wpb-content-wrapper\"><p>[vc_row type=&#8221;vc_default&#8221;][vc_column offset=&#8221;vc_col-lg-12 vc_col-md-12 vc_col-xs-12&#8243;][vc_column_text]<\/p>\n<p style=\"font-size: 16px;\">Na\u0161im velikim iskustvom mo\u017eemo pomo\u0107i svima koji imaju originalnu ideju za posao u pokretu. U nastavku Vam dajemo pregled nekih koje smo realizirali.<\/p>\n<p>[\/vc_column_text][vc_empty_space height=&#8221;50px&#8221;]<div id=\"ult-carousel-301860025269f0a743a65ae\" class=\"ult-carousel-wrapper   ult_horizontal\" data-gutter=\"15\" data-rtl=\"false\" ><div class=\"ult-carousel-364762733869f0a743a643a \" >[vc_single_image image=&#8221;1434&#8243; img_size=&#8221;full&#8221; alignment=&#8221;center&#8221;][vc_single_image image=&#8221;1437&#8243; img_size=&#8221;full&#8221; alignment=&#8221;center&#8221;][vc_single_image image=&#8221;1436&#8243; img_size=&#8221;full&#8221; alignment=&#8221;center&#8221;][vc_single_image image=&#8221;4064&#8243; img_size=&#8221;full&#8221; alignment=&#8221;center&#8221;][vc_single_image image=&#8221;1435&#8243; img_size=&#8221;full&#8221; alignment=&#8221;center&#8221;][vc_single_image image=&#8221;3979&#8243; img_size=&#8221;full&#8221; alignment=&#8221;center&#8221;]<\/div><\/div>\t\t\t<script type=\"text\/javascript\">\n\t\t\t\tjQuery(document).ready(function ($) {\n\t\t\t\t\tif( typeof jQuery('.ult-carousel-364762733869f0a743a643a').slick == \"function\"){\n\t\t\t\t\t\t$('.ult-carousel-364762733869f0a743a643a').slick({dots: true,autoplay: true,autoplaySpeed: \"4000\",speed: \"1000\",infinite: true,arrows: false,slidesToScroll:1,slidesToShow:1,swipe: true,draggable: true,touchMove: true,pauseOnHover: true,pauseOnFocus: false,responsive: [\n\t\t\t\t\t\t\t{\n\t\t\t\t\t\t\t  breakpoint: 1026,\n\t\t\t\t\t\t\t  settings: {\n\t\t\t\t\t\t\t\tslidesToShow: 1,\n\t\t\t\t\t\t\t\tslidesToScroll: 1,  \n\t\t\t\t\t\t\t  }\n\t\t\t\t\t\t\t},\n\t\t\t\t\t\t\t{\n\t\t\t\t\t\t\t  breakpoint: 1025,\n\t\t\t\t\t\t\t  settings: {\n\t\t\t\t\t\t\t\tslidesToShow: 1,\n\t\t\t\t\t\t\t\tslidesToScroll: 1\n\t\t\t\t\t\t\t  }\n\t\t\t\t\t\t\t},\n\t\t\t\t\t\t\t{\n\t\t\t\t\t\t\t  breakpoint: 760,\n\t\t\t\t\t\t\t  settings: {\n\t\t\t\t\t\t\t\tslidesToShow: 1,\n\t\t\t\t\t\t\t\tslidesToScroll: 1\n\t\t\t\t\t\t\t  }\n\t\t\t\t\t\t\t}\n\t\t\t\t\t\t],pauseOnDotsHover: true,customPaging: function(slider, i) {\n                   return '<i type=\"button\" style= \"color:#4891d0;\" class=\"ultsl-record\" data-role=\"none\"><\/i>';\n                },});\n\t\t\t\t\t}\n\t\t\t\t});\n\t\t\t<\/script>\n\t\t\t[vc_column_text]<\/p>\n<h2>Bibliobus<\/h2>\n<p>&nbsp;<\/p>\n<p>Ovakva nadogradnja zasigurno je perjanica na\u0161e ponude s puno raznih elemenata a predstavlja moderan i mobilan pristup knji\u017enici uz mogu\u0107nost prilagodbe i druga\u010dijim zahtjevima. Prije svega postavljaju se bo\u010dne i stropne obloge sa zvu\u010dnom i termi\u010dkom izolacijom te se postavlja protuklizna podnica. Neophodan segment ovakve nadogradnje jesu \u2013 police. Police za knjige u\u010dvr\u0161\u0107ene se za plastificirane metalne stupove koji su pak u\u010dvr\u0161\u0107eni u pod vozila. Tako\u0111er, postavlja se radni pult koji se u\u010dvrsti vijcima (u pravilu) u deset to\u010daka za metalni stup police kao i dodatne uti\u010dnice za potrebe napajanja raznih ure\u0111aja.<\/p>\n<p>Takovom nadogradnjom baznog vozila, bibliobus mo\u017ee poslu\u017eiti i kao prostor za edukaciju, manje kulturne doga\u0111aje i\/ili radionice. Na taj na\u010din poku\u0161ava se maksimalno iskoristiti ograni\u010den prostor kako bi isti postao multifunkcionalni. U vozila je ugra\u0111en potpuno autonomni sustav napajanja elektri\u010dnom energijom putem specijalnih baterija koje uz pomo\u0107 pretvara\u010da napona omogu\u0107uju kori\u0161tenje ure\u0111aja koji rade na 220 V (ra\u010dunalo, kasa, printer, \u2026). Baterije se mogu puniti na tri na\u010dina, i to: punja\u010dem (tijekom kretanja vozila), solarnim panelima (koji se mogu ugraditi na krov vozila) te vanjskim napajanjem (kada je vozilo u mirovanju).<\/p>\n<p>U bazno vozilo postavlja se i LED rasvjeta ravnomjerno raspore\u0111ena po cijelom prostoru kako bi korisnici bibliobusa mogli nesmetano koristiti usluge istoga. Isto tako, stranke u pravilu zatra\u017ee monta\u017eu tende na bo\u010dnoj strani vozila koja \u0161titi kako od sun\u010devih zraka, tako i od padalina. Vru\u0107ine ljeti ili hladno\u0107e zimi nisu prepreka s obzirom na mogu\u0107nost ugradnje dodatnih grija\u010da ili rashladnih ure\u0111aja.<\/p>\n<p>Dodatne opcije: vanjski reflektori, vanjske uti\u010dnice, suvoza\u010devo sjedalo s rotiraju\u0107im osloncem, pregrade na stra\u017enjem djelu, dodatno spremi\u0161te na krovu, solarni paneli i mnoge druge.[\/vc_column_text][vc_media_grid element_width=&#8221;2&#8243; gap=&#8221;3&#8243; item=&#8221;mediaGrid_FadeInWithIcon&#8221; grid_id=&#8221;vc_gid:1709122276608-6b62be4b-4943-2&#8243; include=&#8221;3980,3981,3982,3983,3984,4015&#8243;][vc_empty_space height=&#8221;50px&#8221;][\/vc_column][\/vc_row][vc_row type=&#8221;vc_default&#8221; css=&#8221;.vc_custom_1512123028169{margin-bottom: -30px !important;padding-top: 30px !important;padding-bottom: 30px !important;}&#8221;][vc_column offset=&#8221;vc_col-lg-12 vc_col-md-12 vc_col-xs-12&#8243;][vc_column_text css=&#8221;.vc_custom_1709124532105{padding-bottom: 10px !important;}&#8221;]<\/p>\n<h2>Prijevoz pokojnika<\/h2>\n<p>&nbsp;<\/p>\n<p>Nadogradnja na baznom vozilu za potrebe prijevoza pokojnika predstavlja moderni pristup ovoj osjetljivoj usluzi, a usmjeren je na efikasnost pri obavljanju djelatnosti, ali i dostojanstvu i profinjenosti koje su neophodne prilikom prijevoza pokojnika. U pravilu, nadogradnja zapo\u010dinje od potpunog oblaganja, odnosno oblaganjem krova, bo\u010dnih stranica, blatobrana i ugradnjom podnice. Na njih se potom postavljaju kareti za lak\u0161i ukrcaj ljesova ili pak jednostavni okviri za ljesove koji se potom pri\u010dvrste uz pomo\u0107 sigurnosnih kuki za vezivanje.<\/p>\n<p>Tako\u0111er, kao \u0161to se na fotografijama ni\u017ee mo\u017ee vidjeti, neizostavni segment ovakvih specijalnih vozila jesu rashladni ure\u0111aji s vanjskom jedinicom pri\u010dvr\u0161\u0107enom na krovu vozila te bo\u010dne i\/ili stra\u017enje police i\/ili ladice za dodatnu pohranu. Ukoliko za to ima potrebe, mo\u017ee se napraviti i horizontalna pregrada na otprilike polovici visine vozila kako bi se dobila dodatna 2 mjesta za prijevoz pokojnika.[\/vc_column_text][vc_media_grid element_width=&#8221;2&#8243; gap=&#8221;3&#8243; item=&#8221;mediaGrid_FadeInWithIcon&#8221; grid_id=&#8221;vc_gid:1709122276617-58ab4a60-b4b1-7&#8243; include=&#8221;3985,3986,3987,3988,3989,3990&#8243;][vc_empty_space height=&#8221;50px&#8221;][\/vc_column][\/vc_row][vc_row type=&#8221;vc_default&#8221; css=&#8221;.vc_custom_1512123020463{margin-bottom: -30px !important;padding-top: 30px !important;padding-bottom: 30px !important;}&#8221;][vc_column offset=&#8221;vc_col-lg-12 vc_col-md-12 vc_col-xs-12&#8243;][vc_column_text css=&#8221;.vc_custom_1709124551759{padding-bottom: 10px !important;}&#8221;]<\/p>\n<h2>Pokretne radionice<\/h2>\n<p>&nbsp;<\/p>\n<p>Nadogradnja pokretnih radionica predstavlja klju\u010dnu inovaciju u mobilnim servisima i radnom okru\u017eenju. Ova nadogradnja omogu\u0107ava br\u017eu, efikasniju i prilagodljiviju mobilnu podr\u0161ku razli\u010ditim industrijama, a upravo tu priliku mi, u MultiPartneru, provodimo u djelo. Takav vid nadogradnje posebno je interesantan obrtnicima i malim poduzetnicima koji na taj na\u010din prema svojim klijentima oda\u0161ilju prijeko potrebnu profesionalnost i mobilnost.<\/p>\n<p>Prilago\u0111avanjem potrebama na\u0161ih klijenata te stru\u010dno\u0161\u0107u i pedantno\u0161\u0107u na\u0161ih zaposlenika, nadogradili smo nekoliko vozila u potpuno modernu i mobilnu radionicu. Fokus ovakvih radionica je u aluminijskim policama, ladicama, sanducima. Na\u0161i zadovoljni klijenti od praznog i neiskori\u0161tenog tovarnog prostora dobivaju prostor za pohranu raznih alata i njihove opreme, sve to ba\u0161 po njihovoj mjeri.[\/vc_column_text][vc_media_grid element_width=&#8221;2&#8243; gap=&#8221;3&#8243; item=&#8221;mediaGrid_FadeInWithIcon&#8221; grid_id=&#8221;vc_gid:1709122276624-b19bdbbd-c64a-2&#8243; include=&#8221;3991,3992,3993,3994,3995,3996,3997,3998,3999,4000,4001,4002&#8243;][vc_empty_space height=&#8221;50px&#8221;][\/vc_column][\/vc_row][vc_row type=&#8221;vc_default&#8221; css=&#8221;.vc_custom_1512123020463{margin-bottom: -30px !important;padding-top: 30px !important;padding-bottom: 30px !important;}&#8221;][vc_column offset=&#8221;vc_col-lg-12 vc_col-md-12 vc_col-xs-12&#8243;][vc_column_text css=&#8221;.vc_custom_1709124568759{padding-bottom: 10px !important;}&#8221;]<\/p>\n<h2>Pokretni uredi<\/h2>\n<p>&nbsp;<\/p>\n<p>Poticanje produktivnosti, fleksibilnost, udobnost te napose besprijekorna povezanost i rad na daljinu imperativi su koje si postavljamo prilikom nadogradnji pokretnih ureda. Prema smjernicama i \u017eeljama koje dobijemo od na\u0161ih klijenata trudimo se maksimalno iskoristiti prostor vozila kako mogli opremiti pokretni ured.<\/p>\n<p>Cijeli projekt zapo\u010dinje postavljanjem termo i zvu\u010dne obloge, protuklizne podnice, LED rasvjete, elektri\u010dnih instalacija, a potom i stolarije. Kao \u0161to mo\u017eete vidjeti na slikama ni\u017ee objavljenima, prilago\u0111avamo tovarni prostor vozila prema \u017eeljama klijenata u pogledu prostora za pohranu dokumenata te modernom i tehnolo\u0161ki visokom nivou radnog okru\u017eenja \u2013 na kota\u010dima. Udobnost garantiramo opremanjem pokretnog ureda vrhunskim uredskim stolicama, ali i klima ure\u0111ajima koje omogu\u0107uju idealnu radnu temperaturu.[\/vc_column_text][vc_media_grid element_width=&#8221;2&#8243; gap=&#8221;3&#8243; item=&#8221;mediaGrid_FadeInWithIcon&#8221; grid_id=&#8221;vc_gid:1709122276636-5dac75f7-dc6b-0&#8243; include=&#8221;4045,4046,4047,4048,4049&#8243;][vc_empty_space height=&#8221;50px&#8221;][\/vc_column][\/vc_row][vc_row type=&#8221;vc_default&#8221; css=&#8221;.vc_custom_1512123020463{margin-bottom: -30px !important;padding-top: 30px !important;padding-bottom: 30px !important;}&#8221;][vc_column offset=&#8221;vc_col-lg-12 vc_col-md-12 vc_col-xs-12&#8243;][vc_column_text css=&#8221;.vc_custom_1709124590324{padding-bottom: 10px !important;}&#8221;]<\/p>\n<h2>Kamperske nadogradnje<\/h2>\n<p>&nbsp;<\/p>\n<p>Prednosti kampera su mnogobrojne, pru\u017eaju\u0107i nezaboravna iskustva putovanja. Mobilnost je klju\u010dna &#8211; sloboda kretanja bez ograni\u010denja, bez potrebe za unaprijed rezerviranim smje\u0161tajem. Idealni su za istra\u017eiva\u010de i avanturiste, ali i za obitelji koje \u017eele zajedni\u010dko putovanje u udobnosti vlastitog prostora.<\/p>\n<p>Na\u0161a nadogradnja kampera donosi dodatnu razinu udobnosti i prakti\u010dnosti. Osim udobnog le\u017eaja za opu\u0161tanje, mo\u017eemo ugraditi i sve potrebno kako biste se osje\u0107ali kao kod ku\u0107e. Radna povr\u0161ina omogu\u0107ava pripremu obroka na licu mjesta, dok je integrirani kemijski wc uvijek dostupan. Mini hladnjak \u010duva va\u0161e omiljene napitke, a sudoper olak\u0161ava \u010di\u0161\u0107enje posu\u0111a. Plinsko kuhalo omogu\u0107uje kuhanje bez kompromisa, dok je sklopivi stol i stolice savr\u0161en prostor za blagovanje te igranje dru\u0161tvenih igara.<\/p>\n<p>Napredne zna\u010dajke kao \u0161to su grija\u010d, auto klima i LED rasvjeta osiguravaju udobnost i ugodnu atmosferu tijekom cijelog putovanja. Elektri\u010dne uti\u010dnice omogu\u0107uju punjenje ure\u0111aja i odr\u017eavanje povezanosti s vanjskim svijetom, dok ostale dodatne opcije \u010dine svaki trenutak nezaboravnim.<\/p>\n<p>Svaki kamper je potpuno prilago\u0111en \u017eeljama na\u0161ih klijenata. Kamperske nadogradnje traju relativno dugo, no ne toliko dugo koliko upravo Vi mo\u017eete putovati i u\u017eivati s istim!<\/p>\n<p>Va\u0161a avantura po\u010dinje s Vama u sredi\u0161tu, jer vjerujemo da je putovanje va\u017enije od odredi\u0161ta.[\/vc_column_text][vc_media_grid element_width=&#8221;2&#8243; gap=&#8221;3&#8243; item=&#8221;mediaGrid_FadeInWithIcon&#8221; grid_id=&#8221;vc_gid:1709122276641-256e6cc1-e0ec-3&#8243; include=&#8221;4103,4102,4101,4100,4099,4098,4097,4096,4095,4094,4093,4092&#8243;][vc_empty_space height=&#8221;50px&#8221;][\/vc_column][\/vc_row][vc_row type=&#8221;vc_default&#8221; css=&#8221;.vc_custom_1512123034938{margin-bottom: -30px !important;padding-top: 30px !important;padding-bottom: 30px !important;}&#8221;][vc_column offset=&#8221;vc_col-lg-12 vc_col-md-12 vc_col-xs-12&#8243;][vc_column_text]<\/p>\n<h2>Pokretna potkiva\u010dnica konja<\/h2>\n<p>&nbsp;<\/p>\n<p>Pogledajte \u0161to mo\u017eete napraviti uz dobru ideju i na\u0161u potporu. Ovo unikatno vozilo ima sve \u0161to je potrebno jednom potkiva\u010du. Sve na dohvat ruke, jednostavno za upotrebu, uz \u0161to manji utro\u0161ak vremena, a da posao ostane kvalitetno odra\u0111en. Ovo je energetski autonomno vozilo, prikladno za rad u svim uvjetima.[\/vc_column_text][vc_video link=&#8221;https:\/\/youtu.be\/AMcblrf4HKw&#8221;][vc_empty_space height=&#8221;50px&#8221;][\/vc_column][\/vc_row][vc_row type=&#8221;vc_default&#8221; css=&#8221;.vc_custom_1512123034938{margin-bottom: -30px !important;padding-top: 30px !important;padding-bottom: 30px !important;}&#8221;][vc_column offset=&#8221;vc_col-lg-12 vc_col-md-12 vc_col-xs-12&#8243;][vc_column_text]<\/p>\n<h2>Pokretni salon za ure\u0111ivanje \u017eivotinja<\/h2>\n<p>&nbsp;<\/p>\n<p>Usmjereni na podizanje kvalitete usluge, udobnosti i prakti\u010dnosti za vlasnike i njihove \u010detverono\u017ene prijatelje, mobilnim salonima za ure\u0111ivanje \u017eivotinja nudimo niz nadogradnji na bazno vozilo. Tu je prvenstveno rije\u010d o monta\u017ei ti\u0161ih i ekolo\u0161kih prihvatljivih ure\u0111aja kao \u0161to su rashladni ure\u0111aji i\/ili grija\u010di koji su prilago\u0111eni salonu prema potrebama razli\u010ditih vrsta \u017eivotinja.<\/p>\n<p>Kako bi se priu\u0161tila vrhunska njega za ku\u0107ne ljubimce i olak\u0161ala vlasnicima briga, nudimo niz nadogradnji poput kada za kupanje, radnih pultova, polica za pohranu instrumenata i jo\u0161 mnoge druge monta\u017ee prema potrebama vlasnika mobilnih salona za ure\u0111ivanje \u017eivotinja.[\/vc_column_text][vc_media_grid element_width=&#8221;2&#8243; gap=&#8221;3&#8243; item=&#8221;mediaGrid_FadeInWithIcon&#8221; grid_id=&#8221;vc_gid:1709122276654-b2ecb1d7-f522-6&#8243; include=&#8221;4003,4004,4005,4006&#8243;][vc_empty_space height=&#8221;50px&#8221;][\/vc_column][\/vc_row][vc_row type=&#8221;vc_default&#8221; css=&#8221;.vc_custom_1512123034938{margin-bottom: -30px !important;padding-top: 30px !important;padding-bottom: 30px !important;}&#8221;][vc_column offset=&#8221;vc_col-lg-12 vc_col-md-12 vc_col-xs-12&#8243;][vc_column_text]Jedna od specijalnijih nadogradnji koje smo ve\u0107 radili jest zasigurno mobilni preventivni centar MUP-a RH. Usmjereni na ja\u010danje policijske prisutnosti, promptnu reakciju na potrebe zajednice, ali i promicanje pozitivnih odnosa izme\u0111u policije i gra\u0111ana te pru\u017eanja sigurnosti i kvalitetne interakcija izme\u0111u istih, MUP-u RH napravili smo inovativnu nadogradnju.<\/p>\n<h2>Mobilni preventivni centar policije<\/h2>\n<p>&nbsp;<\/p>\n<p>Baziraju\u0107i se na modelu nadogradnji pokretnih ureda, priu\u0161tili smo djelatnicima policije ugodnu, udobnu te napose poticajnu radnu atmosferu na njihovu Mercedes Sprinteru. Unutarnje i vanjske uti\u010dnice za potrebe napajanja elektronskih ure\u0111aja, tenda na vanjskoj bo\u010dnoj strani te pristojan prostor za pohranu dokumenata, neki su od klju\u010dnih segmenata koje smo nadogradili na ovom vozilu. Napravljena je i pregrada na stra\u017enjem dijelu i sve to uz zadr\u017eavanje 2+2 mjesta u putni\u010dkom dijelu vozila. Ponosni smo na mogu\u0107nosti da upravo MultiPartner sudjeluje u realizaciji ovakvog projekta gdje \u0107e djelatnici policijske uprave mo\u0107i napraviti bitan korak ka inovativnijem, sigurnijem i inkluzivnijem pristupu rada koja za cilj ima omogu\u0107avanje gra\u0111anima da postanu aktivni partneri u odr\u017eavanju reda i sigurnosti.[\/vc_column_text][vc_media_grid element_width=&#8221;2&#8243; gap=&#8221;3&#8243; item=&#8221;mediaGrid_FadeInWithIcon&#8221; grid_id=&#8221;vc_gid:1709122276659-71f275e1-d16b-1&#8243; include=&#8221;4007,4008,4009,4010,4011,4012,4013,4014&#8243;][vc_empty_space height=&#8221;50px&#8221;][\/vc_column][\/vc_row]<\/p>\n<\/div>","protected":false},"excerpt":{"rendered":"<p>[vc_row type=&#8221;vc_default&#8221;][vc_column offset=&#8221;vc_col-lg-12 vc_col-md-12 vc_col-xs-12&#8243;][vc_column_text] Na\u0161im velikim iskustvom mo\u017eemo pomo\u0107i svima koji imaju originalnu ideju za posao u pokretu. U nastavku Vam dajemo pregled nekih koje smo realizirali. [\/vc_column_text][vc_empty_space height=&#8221;50px&#8221;][vc_column_text] Bibliobus &nbsp; Ovakva nadogradnja zasigurno je perjanica na\u0161e ponude s puno raznih elemenata a predstavlja moderan i mobilan pristup knji\u017enici uz mogu\u0107nost prilagodbe i druga\u010dijim&hellip;<\/p>\n","protected":false},"author":1,"featured_media":0,"parent":0,"menu_order":0,"comment_status":"closed","ping_status":"closed","template":"","meta":{"footnotes":""},"class_list":["post-1171","page","type-page","status-publish","hentry","description-off"],"yoast_head":"<!-- This site is optimized with the Yoast SEO plugin v26.4 - https:\/\/yoast.com\/wordpress\/plugins\/seo\/ -->\n<title>MultiPartner - Special<\/title>\n<meta name=\"description\" content=\"Nudimo \u0161iroku paletu specijalnih nadogradnji osobnih i gospodarskih vozila te nastojimo zadovoljiti sve Va\u0161e potrebe.\" \/>\n<meta name=\"robots\" content=\"index, follow, max-snippet:-1, max-image-preview:large, max-video-preview:-1\" \/>\n<link rel=\"canonical\" href=\"https:\/\/www.multipartner.hr\/hr\/special\/\" \/>\n<meta property=\"og:locale\" content=\"hr_HR\" \/>\n<meta property=\"og:type\" content=\"article\" \/>\n<meta property=\"og:title\" content=\"MultiPartner - Special\" \/>\n<meta property=\"og:description\" content=\"Nudimo \u0161iroku paletu specijalnih nadogradnji osobnih i gospodarskih vozila te nastojimo zadovoljiti sve Va\u0161e potrebe.\" \/>\n<meta property=\"og:url\" content=\"https:\/\/www.multipartner.hr\/hr\/special\/\" \/>\n<meta property=\"og:site_name\" content=\"MultiPartner\" \/>\n<meta property=\"article:publisher\" content=\"https:\/\/www.facebook.com\/profile.php?id=100064068909354\" \/>\n<meta property=\"article:modified_time\" content=\"2024-02-28T12:52:29+00:00\" \/>\n<meta name=\"twitter:card\" content=\"summary_large_image\" \/>\n<meta name=\"twitter:label1\" content=\"Procijenjeno vrijeme \u010ditanja\" \/>\n\t<meta name=\"twitter:data1\" content=\"8 minuta\" \/>\n<script type=\"application\/ld+json\" class=\"yoast-schema-graph\">{\"@context\":\"https:\/\/schema.org\",\"@graph\":[{\"@type\":\"WebPage\",\"@id\":\"https:\/\/www.multipartner.hr\/hr\/special\/\",\"url\":\"https:\/\/www.multipartner.hr\/hr\/special\/\",\"name\":\"MultiPartner - Special\",\"isPartOf\":{\"@id\":\"https:\/\/www.multipartner.hr\/hr\/#website\"},\"datePublished\":\"2017-12-01T10:04:52+00:00\",\"dateModified\":\"2024-02-28T12:52:29+00:00\",\"description\":\"Nudimo \u0161iroku paletu specijalnih nadogradnji osobnih i gospodarskih vozila te nastojimo zadovoljiti sve Va\u0161e potrebe.\",\"breadcrumb\":{\"@id\":\"https:\/\/www.multipartner.hr\/hr\/special\/#breadcrumb\"},\"inLanguage\":\"hr\",\"potentialAction\":[{\"@type\":\"ReadAction\",\"target\":[[\"https:\/\/www.multipartner.hr\/hr\/special\/\"]]}]},{\"@type\":\"BreadcrumbList\",\"@id\":\"https:\/\/www.multipartner.hr\/hr\/special\/#breadcrumb\",\"itemListElement\":[{\"@type\":\"ListItem\",\"position\":1,\"name\":\"Home\",\"item\":\"https:\/\/www.multipartner.hr\/hr\/\"},{\"@type\":\"ListItem\",\"position\":2,\"name\":\"Special\"}]},{\"@type\":\"WebSite\",\"@id\":\"https:\/\/www.multipartner.hr\/hr\/#website\",\"url\":\"https:\/\/www.multipartner.hr\/hr\/\",\"name\":\"MultiPartner\",\"description\":\"Nadogradnje vozila\",\"publisher\":{\"@id\":\"https:\/\/www.multipartner.hr\/hr\/#organization\"},\"potentialAction\":[{\"@type\":\"SearchAction\",\"target\":{\"@type\":\"EntryPoint\",\"urlTemplate\":\"https:\/\/www.multipartner.hr\/hr\/?s={search_term_string}\"},\"query-input\":{\"@type\":\"PropertyValueSpecification\",\"valueRequired\":true,\"valueName\":\"search_term_string\"}}],\"inLanguage\":\"hr\"},{\"@type\":\"Organization\",\"@id\":\"https:\/\/www.multipartner.hr\/hr\/#organization\",\"name\":\"MultiPartner\",\"url\":\"https:\/\/www.multipartner.hr\/hr\/\",\"logo\":{\"@type\":\"ImageObject\",\"inLanguage\":\"hr\",\"@id\":\"https:\/\/www.multipartner.hr\/hr\/#\/schema\/logo\/image\/\",\"url\":\"https:\/\/www.multipartner.hr\/wp-content\/uploads\/2017\/11\/multipartner-logotip.png\",\"contentUrl\":\"https:\/\/www.multipartner.hr\/wp-content\/uploads\/2017\/11\/multipartner-logotip.png\",\"width\":186,\"height\":40,\"caption\":\"MultiPartner\"},\"image\":{\"@id\":\"https:\/\/www.multipartner.hr\/hr\/#\/schema\/logo\/image\/\"},\"sameAs\":[\"https:\/\/www.facebook.com\/profile.php?id=100064068909354\"]}]}<\/script>\n<!-- \/ Yoast SEO plugin. -->","yoast_head_json":{"title":"MultiPartner - Special","description":"Nudimo \u0161iroku paletu specijalnih nadogradnji osobnih i gospodarskih vozila te nastojimo zadovoljiti sve Va\u0161e potrebe.","robots":{"index":"index","follow":"follow","max-snippet":"max-snippet:-1","max-image-preview":"max-image-preview:large","max-video-preview":"max-video-preview:-1"},"canonical":"https:\/\/www.multipartner.hr\/hr\/special\/","og_locale":"hr_HR","og_type":"article","og_title":"MultiPartner - Special","og_description":"Nudimo \u0161iroku paletu specijalnih nadogradnji osobnih i gospodarskih vozila te nastojimo zadovoljiti sve Va\u0161e potrebe.","og_url":"https:\/\/www.multipartner.hr\/hr\/special\/","og_site_name":"MultiPartner","article_publisher":"https:\/\/www.facebook.com\/profile.php?id=100064068909354","article_modified_time":"2024-02-28T12:52:29+00:00","twitter_card":"summary_large_image","twitter_misc":{"Procijenjeno vrijeme \u010ditanja":"8 minuta"},"schema":{"@context":"https:\/\/schema.org","@graph":[{"@type":"WebPage","@id":"https:\/\/www.multipartner.hr\/hr\/special\/","url":"https:\/\/www.multipartner.hr\/hr\/special\/","name":"MultiPartner - Special","isPartOf":{"@id":"https:\/\/www.multipartner.hr\/hr\/#website"},"datePublished":"2017-12-01T10:04:52+00:00","dateModified":"2024-02-28T12:52:29+00:00","description":"Nudimo \u0161iroku paletu specijalnih nadogradnji osobnih i gospodarskih vozila te nastojimo zadovoljiti sve Va\u0161e potrebe.","breadcrumb":{"@id":"https:\/\/www.multipartner.hr\/hr\/special\/#breadcrumb"},"inLanguage":"hr","potentialAction":[{"@type":"ReadAction","target":[["https:\/\/www.multipartner.hr\/hr\/special\/"]]}]},{"@type":"BreadcrumbList","@id":"https:\/\/www.multipartner.hr\/hr\/special\/#breadcrumb","itemListElement":[{"@type":"ListItem","position":1,"name":"Home","item":"https:\/\/www.multipartner.hr\/hr\/"},{"@type":"ListItem","position":2,"name":"Special"}]},{"@type":"WebSite","@id":"https:\/\/www.multipartner.hr\/hr\/#website","url":"https:\/\/www.multipartner.hr\/hr\/","name":"MultiPartner","description":"Nadogradnje vozila","publisher":{"@id":"https:\/\/www.multipartner.hr\/hr\/#organization"},"potentialAction":[{"@type":"SearchAction","target":{"@type":"EntryPoint","urlTemplate":"https:\/\/www.multipartner.hr\/hr\/?s={search_term_string}"},"query-input":{"@type":"PropertyValueSpecification","valueRequired":true,"valueName":"search_term_string"}}],"inLanguage":"hr"},{"@type":"Organization","@id":"https:\/\/www.multipartner.hr\/hr\/#organization","name":"MultiPartner","url":"https:\/\/www.multipartner.hr\/hr\/","logo":{"@type":"ImageObject","inLanguage":"hr","@id":"https:\/\/www.multipartner.hr\/hr\/#\/schema\/logo\/image\/","url":"https:\/\/www.multipartner.hr\/wp-content\/uploads\/2017\/11\/multipartner-logotip.png","contentUrl":"https:\/\/www.multipartner.hr\/wp-content\/uploads\/2017\/11\/multipartner-logotip.png","width":186,"height":40,"caption":"MultiPartner"},"image":{"@id":"https:\/\/www.multipartner.hr\/hr\/#\/schema\/logo\/image\/"},"sameAs":["https:\/\/www.facebook.com\/profile.php?id=100064068909354"]}]}},"_links":{"self":[{"href":"https:\/\/www.multipartner.hr\/hr\/wp-json\/wp\/v2\/pages\/1171","targetHints":{"allow":["GET"]}}],"collection":[{"href":"https:\/\/www.multipartner.hr\/hr\/wp-json\/wp\/v2\/pages"}],"about":[{"href":"https:\/\/www.multipartner.hr\/hr\/wp-json\/wp\/v2\/types\/page"}],"author":[{"embeddable":true,"href":"https:\/\/www.multipartner.hr\/hr\/wp-json\/wp\/v2\/users\/1"}],"replies":[{"embeddable":true,"href":"https:\/\/www.multipartner.hr\/hr\/wp-json\/wp\/v2\/comments?post=1171"}],"version-history":[{"count":13,"href":"https:\/\/www.multipartner.hr\/hr\/wp-json\/wp\/v2\/pages\/1171\/revisions"}],"predecessor-version":[{"id":4331,"href":"https:\/\/www.multipartner.hr\/hr\/wp-json\/wp\/v2\/pages\/1171\/revisions\/4331"}],"wp:attachment":[{"href":"https:\/\/www.multipartner.hr\/hr\/wp-json\/wp\/v2\/media?parent=1171"}],"curies":[{"name":"wp","href":"https:\/\/api.w.org\/{rel}","templated":true}]}}