{"id":1157,"date":"2017-11-30T13:57:01","date_gmt":"2017-11-30T13:57:01","guid":{"rendered":"http:\/\/www.multipartner.hr\/?page_id=1157"},"modified":"2024-02-28T11:59:42","modified_gmt":"2024-02-28T11:59:42","slug":"multifrigo","status":"publish","type":"page","link":"https:\/\/www.multipartner.hr\/hr\/multifrigo\/","title":{"rendered":"MultiFrigo"},"content":{"rendered":"<div class=\"wpb-content-wrapper\"><p>[vc_row type=&#8221;vc_default&#8221; css=&#8221;.vc_custom_1474268037787{margin-bottom: -30px !important;padding-bottom: 30px !important;}&#8221;][vc_column offset=&#8221;vc_col-lg-12 vc_col-md-12 vc_col-xs-12&#8243;]<div id=\"ult-carousel-164047927669ef609c0ca15\" class=\"ult-carousel-wrapper   ult_horizontal\" data-gutter=\"15\" data-rtl=\"false\" ><div class=\"ult-carousel-93269522069ef609c0c849 \" >[vc_single_image image=&#8221;1631&#8243; img_size=&#8221;full&#8221; alignment=&#8221;center&#8221;][vc_single_image image=&#8221;2364&#8243; img_size=&#8221;full&#8221; alignment=&#8221;center&#8221;][vc_single_image image=&#8221;2365&#8243; img_size=&#8221;full&#8221; alignment=&#8221;center&#8221;][vc_single_image image=&#8221;2366&#8243; img_size=&#8221;full&#8221; alignment=&#8221;center&#8221;]<\/div><\/div>\t\t\t<script type=\"text\/javascript\">\n\t\t\t\tjQuery(document).ready(function ($) {\n\t\t\t\t\tif( typeof jQuery('.ult-carousel-93269522069ef609c0c849').slick == \"function\"){\n\t\t\t\t\t\t$('.ult-carousel-93269522069ef609c0c849').slick({dots: true,autoplay: true,autoplaySpeed: \"4000\",speed: \"1000\",infinite: true,arrows: false,slidesToScroll:1,slidesToShow:1,swipe: true,draggable: true,touchMove: true,pauseOnHover: true,pauseOnFocus: false,responsive: [\n\t\t\t\t\t\t\t{\n\t\t\t\t\t\t\t  breakpoint: 1026,\n\t\t\t\t\t\t\t  settings: {\n\t\t\t\t\t\t\t\tslidesToShow: 1,\n\t\t\t\t\t\t\t\tslidesToScroll: 1,  \n\t\t\t\t\t\t\t  }\n\t\t\t\t\t\t\t},\n\t\t\t\t\t\t\t{\n\t\t\t\t\t\t\t  breakpoint: 1025,\n\t\t\t\t\t\t\t  settings: {\n\t\t\t\t\t\t\t\tslidesToShow: 1,\n\t\t\t\t\t\t\t\tslidesToScroll: 1\n\t\t\t\t\t\t\t  }\n\t\t\t\t\t\t\t},\n\t\t\t\t\t\t\t{\n\t\t\t\t\t\t\t  breakpoint: 760,\n\t\t\t\t\t\t\t  settings: {\n\t\t\t\t\t\t\t\tslidesToShow: 1,\n\t\t\t\t\t\t\t\tslidesToScroll: 1\n\t\t\t\t\t\t\t  }\n\t\t\t\t\t\t\t}\n\t\t\t\t\t\t],pauseOnDotsHover: true,customPaging: function(slider, i) {\n                   return '<i type=\"button\" style= \"color:#4891d0;\" class=\"ultsl-record\" data-role=\"none\"><\/i>';\n                },});\n\t\t\t\t\t}\n\t\t\t\t});\n\t\t\t<\/script>\n\t\t\t[vc_empty_space]<div id=\"ultimate-heading-338669ef609c0cb38\" class=\"uvc-heading ult-adjust-bottom-margin ultimate-heading-338669ef609c0cb38 uvc-4550 accent-border-color\" data-hspacer=\"line_only\"  data-halign=\"left\" style=\"text-align:left\"><div class=\"uvc-main-heading ult-responsive\"  data-ultimate-target='.uvc-heading.ultimate-heading-338669ef609c0cb38 h2'  data-responsive-json-new='{\"font-size\":\"desktop:26px;\",\"line-height\":\"desktop:36px;\"}' ><h2 style=\"font-weight:bold;\">Ovla\u0161teni servisni centar Carrier TRUCK\/TRAILER rashladnih ure\u0111aja<\/h2><\/div><div class=\"uvc-heading-spacer line_only\" style=\"margin-top:15px;margin-bottom:30px;height:4px;\"><span class=\"uvc-headings-line\" style=\"border-style:solid;border-bottom-width:4px;border-color:;width:50px;\"><\/span><\/div><\/div>[vc_column_text]Posjedujemo dugogodi\u0161nje iskustvo u servisu rashladih ure\u0111aja za transportno hla\u0111enje, a od po\u010detka 2017. godine postali smo slu\u017ebeni <strong>Carrier Truck \/Trailer<\/strong> servisni partner za podru\u010dje Primorja, Istre i Gorskog kotara.<\/p>\n<p>Na\u0161i djelatnici se konstantno educiraju te pru\u017eaju vrhunsku podr\u0161ku svim korisnicima Carrier rashladnih ure\u0111aja na kamionima i poluprikolicama. Isto tako imamo osigurani <strong>24\/7 servisni pozivni centar<\/strong> te slu\u017ebenim servisnim vozilom mo\u017eemo po potrebi izvr\u0161iti intervenciju i na terenu.[\/vc_column_text][vc_media_grid element_width=&#8221;2&#8243; gap=&#8221;3&#8243; grid_id=&#8221;vc_gid:1596020592998-49cdb7a4-4156-8&#8243; include=&#8221;1632,1633,1634,1635,1636,1637&#8243;][vc_empty_space height=&#8221;60px&#8221;][\/vc_column][\/vc_row][vc_row type=&#8221;vc_default&#8221; css=&#8221;.vc_custom_1512051712468{padding-top: 80px !important;padding-bottom: 60px !important;}&#8221;][vc_column offset=&#8221;vc_col-lg-12 vc_col-md-12 vc_col-xs-12&#8243;]<div id=\"ultimate-heading-950569ef609c0cbcc\" class=\"uvc-heading ult-adjust-bottom-margin ultimate-heading-950569ef609c0cbcc uvc-4181 accent-border-color\" data-hspacer=\"line_only\"  data-halign=\"left\" style=\"text-align:left\"><div class=\"uvc-main-heading ult-responsive\"  data-ultimate-target='.uvc-heading.ultimate-heading-950569ef609c0cbcc h2'  data-responsive-json-new='{\"font-size\":\"desktop:26px;\",\"line-height\":\"desktop:36px;\"}' ><h2 style=\"font-weight:bold;\">Ovla\u0161teni servis i prodaja Carrier CONTAINER REFRIGERATION rashladnih ure\u0111aja i rashladnih brodskih kontejnera<\/h2><\/div><div class=\"uvc-heading-spacer line_only\" style=\"margin-top:15px;margin-bottom:30px;height:4px;\"><span class=\"uvc-headings-line\" style=\"border-style:solid;border-bottom-width:4px;border-color:;width:50px;\"><\/span><\/div><\/div>[vc_media_grid element_width=&#8221;2&#8243; gap=&#8221;3&#8243; grid_id=&#8221;vc_gid:1596020593002-226b8ed9-56c4-3&#8243; include=&#8221;1396,1397,1398,1163&#8243;][vc_column_text]Na\u0161a tvrtka je ugovorni servisni partner Repair Centar za Carrier Container divizije \u010dime jam\u010dimo:<\/p>\n<ul>\n<li>Izvrsnost servisera sukladno Carrier Transicold standardima<\/li>\n<li>Potreban nivo obu\u010denosti za rukovanje rashladnim sredstvima<\/li>\n<li>Lager dijelova za servisne intervencije<\/li>\n<li>i 24\/7 mobilni servis<\/li>\n<\/ul>\n<p>U ponudi imamo 20\u201c i 40\u201c rashladne frigo kontejnere opremljene Carrier rashladnim ure\u0111ajima[\/vc_column_text][vc_accordion active_tab=&#8221;false&#8221; style=&#8221;2&#8243;][vc_accordion_tab title=&#8221;Generatorski setovi&#8221;][vc_column_text css=&#8221;.vc_custom_1512051114589{background-color: #ffffff !important;}&#8221;]PowerLINE RG15<\/p>\n<p>PowerLINE UG 15[\/vc_column_text][\/vc_accordion_tab][vc_accordion_tab title=&#8221;Kontejnerski ure\u0111aji&#8221;][vc_column_text css=&#8221;.vc_custom_1512051131287{background-color: #ffffff !important;}&#8221;]Cijela gama rashladnih ure\u0111aja specijalno dizajniranih za Va\u0161e potrebe.<\/p>\n<p>NaturalLINE, PrimeLINE, ThinLINE, EliteLINE[\/vc_column_text][\/vc_accordion_tab][\/vc_accordion][vc_empty_space][vc_single_image image=&#8221;1399&#8243; img_size=&#8221;250X163&#8243;][\/vc_column][\/vc_row]<\/p>\n<\/div>","protected":false},"excerpt":{"rendered":"<p>[vc_row type=&#8221;vc_default&#8221; css=&#8221;.vc_custom_1474268037787{margin-bottom: -30px !important;padding-bottom: 30px !important;}&#8221;][vc_column offset=&#8221;vc_col-lg-12 vc_col-md-12 vc_col-xs-12&#8243;][vc_empty_space][vc_column_text]Posjedujemo dugogodi\u0161nje iskustvo u servisu rashladih ure\u0111aja za transportno hla\u0111enje, a od po\u010detka 2017. godine postali smo slu\u017ebeni Carrier Truck \/Trailer servisni partner za podru\u010dje Primorja, Istre i Gorskog kotara. Na\u0161i djelatnici se konstantno educiraju te pru\u017eaju vrhunsku podr\u0161ku svim korisnicima Carrier rashladnih ure\u0111aja na kamionima&hellip;<\/p>\n","protected":false},"author":1,"featured_media":0,"parent":0,"menu_order":0,"comment_status":"closed","ping_status":"closed","template":"","meta":{"footnotes":""},"class_list":["post-1157","page","type-page","status-publish","hentry","description-off"],"yoast_head":"<!-- This site is optimized with the Yoast SEO plugin v26.4 - https:\/\/yoast.com\/wordpress\/plugins\/seo\/ -->\n<title>MultiPartner - MultiFrigo - Klima ure\u0111aji za kamione, autobuse i furgone<\/title>\n<meta name=\"description\" content=\"MultiFrigo obuhva\u0107a servis, prodaju i ugradnju rashladnih ure\u0111aja za transportno hla\u0111enje te ovla\u0161teni servisni centar rashladnih ure\u0111aja.\" \/>\n<meta name=\"robots\" content=\"index, follow, max-snippet:-1, max-image-preview:large, max-video-preview:-1\" \/>\n<link rel=\"canonical\" href=\"https:\/\/www.multipartner.hr\/hr\/multifrigo\/\" \/>\n<meta property=\"og:locale\" content=\"hr_HR\" \/>\n<meta property=\"og:type\" content=\"article\" \/>\n<meta property=\"og:title\" content=\"MultiPartner - MultiFrigo - Klima ure\u0111aji za kamione, autobuse i furgone\" \/>\n<meta property=\"og:description\" content=\"MultiFrigo obuhva\u0107a servis, prodaju i ugradnju rashladnih ure\u0111aja za transportno hla\u0111enje te ovla\u0161teni servisni centar rashladnih ure\u0111aja.\" \/>\n<meta property=\"og:url\" content=\"https:\/\/www.multipartner.hr\/hr\/multifrigo\/\" \/>\n<meta property=\"og:site_name\" content=\"MultiPartner\" \/>\n<meta property=\"article:publisher\" content=\"https:\/\/www.facebook.com\/profile.php?id=100064068909354\" \/>\n<meta property=\"article:modified_time\" content=\"2024-02-28T11:59:42+00:00\" \/>\n<meta name=\"twitter:card\" content=\"summary_large_image\" \/>\n<meta name=\"twitter:label1\" content=\"Procijenjeno vrijeme \u010ditanja\" \/>\n\t<meta name=\"twitter:data1\" content=\"2 minute\" \/>\n<script type=\"application\/ld+json\" class=\"yoast-schema-graph\">{\"@context\":\"https:\/\/schema.org\",\"@graph\":[{\"@type\":\"WebPage\",\"@id\":\"https:\/\/www.multipartner.hr\/hr\/multifrigo\/\",\"url\":\"https:\/\/www.multipartner.hr\/hr\/multifrigo\/\",\"name\":\"MultiPartner - MultiFrigo - Klima ure\u0111aji za kamione, autobuse i furgone\",\"isPartOf\":{\"@id\":\"https:\/\/www.multipartner.hr\/hr\/#website\"},\"datePublished\":\"2017-11-30T13:57:01+00:00\",\"dateModified\":\"2024-02-28T11:59:42+00:00\",\"description\":\"MultiFrigo obuhva\u0107a servis, prodaju i ugradnju rashladnih ure\u0111aja za transportno hla\u0111enje te ovla\u0161teni servisni centar rashladnih ure\u0111aja.\",\"breadcrumb\":{\"@id\":\"https:\/\/www.multipartner.hr\/hr\/multifrigo\/#breadcrumb\"},\"inLanguage\":\"hr\",\"potentialAction\":[{\"@type\":\"ReadAction\",\"target\":[[\"https:\/\/www.multipartner.hr\/hr\/multifrigo\/\"]]}]},{\"@type\":\"BreadcrumbList\",\"@id\":\"https:\/\/www.multipartner.hr\/hr\/multifrigo\/#breadcrumb\",\"itemListElement\":[{\"@type\":\"ListItem\",\"position\":1,\"name\":\"Home\",\"item\":\"https:\/\/www.multipartner.hr\/hr\/\"},{\"@type\":\"ListItem\",\"position\":2,\"name\":\"MultiFrigo\"}]},{\"@type\":\"WebSite\",\"@id\":\"https:\/\/www.multipartner.hr\/hr\/#website\",\"url\":\"https:\/\/www.multipartner.hr\/hr\/\",\"name\":\"MultiPartner\",\"description\":\"Nadogradnje vozila\",\"publisher\":{\"@id\":\"https:\/\/www.multipartner.hr\/hr\/#organization\"},\"potentialAction\":[{\"@type\":\"SearchAction\",\"target\":{\"@type\":\"EntryPoint\",\"urlTemplate\":\"https:\/\/www.multipartner.hr\/hr\/?s={search_term_string}\"},\"query-input\":{\"@type\":\"PropertyValueSpecification\",\"valueRequired\":true,\"valueName\":\"search_term_string\"}}],\"inLanguage\":\"hr\"},{\"@type\":\"Organization\",\"@id\":\"https:\/\/www.multipartner.hr\/hr\/#organization\",\"name\":\"MultiPartner\",\"url\":\"https:\/\/www.multipartner.hr\/hr\/\",\"logo\":{\"@type\":\"ImageObject\",\"inLanguage\":\"hr\",\"@id\":\"https:\/\/www.multipartner.hr\/hr\/#\/schema\/logo\/image\/\",\"url\":\"https:\/\/www.multipartner.hr\/wp-content\/uploads\/2017\/11\/multipartner-logotip.png\",\"contentUrl\":\"https:\/\/www.multipartner.hr\/wp-content\/uploads\/2017\/11\/multipartner-logotip.png\",\"width\":186,\"height\":40,\"caption\":\"MultiPartner\"},\"image\":{\"@id\":\"https:\/\/www.multipartner.hr\/hr\/#\/schema\/logo\/image\/\"},\"sameAs\":[\"https:\/\/www.facebook.com\/profile.php?id=100064068909354\"]}]}<\/script>\n<!-- \/ Yoast SEO plugin. -->","yoast_head_json":{"title":"MultiPartner - MultiFrigo - Klima ure\u0111aji za kamione, autobuse i furgone","description":"MultiFrigo obuhva\u0107a servis, prodaju i ugradnju rashladnih ure\u0111aja za transportno hla\u0111enje te ovla\u0161teni servisni centar rashladnih ure\u0111aja.","robots":{"index":"index","follow":"follow","max-snippet":"max-snippet:-1","max-image-preview":"max-image-preview:large","max-video-preview":"max-video-preview:-1"},"canonical":"https:\/\/www.multipartner.hr\/hr\/multifrigo\/","og_locale":"hr_HR","og_type":"article","og_title":"MultiPartner - MultiFrigo - Klima ure\u0111aji za kamione, autobuse i furgone","og_description":"MultiFrigo obuhva\u0107a servis, prodaju i ugradnju rashladnih ure\u0111aja za transportno hla\u0111enje te ovla\u0161teni servisni centar rashladnih ure\u0111aja.","og_url":"https:\/\/www.multipartner.hr\/hr\/multifrigo\/","og_site_name":"MultiPartner","article_publisher":"https:\/\/www.facebook.com\/profile.php?id=100064068909354","article_modified_time":"2024-02-28T11:59:42+00:00","twitter_card":"summary_large_image","twitter_misc":{"Procijenjeno vrijeme \u010ditanja":"2 minute"},"schema":{"@context":"https:\/\/schema.org","@graph":[{"@type":"WebPage","@id":"https:\/\/www.multipartner.hr\/hr\/multifrigo\/","url":"https:\/\/www.multipartner.hr\/hr\/multifrigo\/","name":"MultiPartner - MultiFrigo - Klima ure\u0111aji za kamione, autobuse i furgone","isPartOf":{"@id":"https:\/\/www.multipartner.hr\/hr\/#website"},"datePublished":"2017-11-30T13:57:01+00:00","dateModified":"2024-02-28T11:59:42+00:00","description":"MultiFrigo obuhva\u0107a servis, prodaju i ugradnju rashladnih ure\u0111aja za transportno hla\u0111enje te ovla\u0161teni servisni centar rashladnih ure\u0111aja.","breadcrumb":{"@id":"https:\/\/www.multipartner.hr\/hr\/multifrigo\/#breadcrumb"},"inLanguage":"hr","potentialAction":[{"@type":"ReadAction","target":[["https:\/\/www.multipartner.hr\/hr\/multifrigo\/"]]}]},{"@type":"BreadcrumbList","@id":"https:\/\/www.multipartner.hr\/hr\/multifrigo\/#breadcrumb","itemListElement":[{"@type":"ListItem","position":1,"name":"Home","item":"https:\/\/www.multipartner.hr\/hr\/"},{"@type":"ListItem","position":2,"name":"MultiFrigo"}]},{"@type":"WebSite","@id":"https:\/\/www.multipartner.hr\/hr\/#website","url":"https:\/\/www.multipartner.hr\/hr\/","name":"MultiPartner","description":"Nadogradnje vozila","publisher":{"@id":"https:\/\/www.multipartner.hr\/hr\/#organization"},"potentialAction":[{"@type":"SearchAction","target":{"@type":"EntryPoint","urlTemplate":"https:\/\/www.multipartner.hr\/hr\/?s={search_term_string}"},"query-input":{"@type":"PropertyValueSpecification","valueRequired":true,"valueName":"search_term_string"}}],"inLanguage":"hr"},{"@type":"Organization","@id":"https:\/\/www.multipartner.hr\/hr\/#organization","name":"MultiPartner","url":"https:\/\/www.multipartner.hr\/hr\/","logo":{"@type":"ImageObject","inLanguage":"hr","@id":"https:\/\/www.multipartner.hr\/hr\/#\/schema\/logo\/image\/","url":"https:\/\/www.multipartner.hr\/wp-content\/uploads\/2017\/11\/multipartner-logotip.png","contentUrl":"https:\/\/www.multipartner.hr\/wp-content\/uploads\/2017\/11\/multipartner-logotip.png","width":186,"height":40,"caption":"MultiPartner"},"image":{"@id":"https:\/\/www.multipartner.hr\/hr\/#\/schema\/logo\/image\/"},"sameAs":["https:\/\/www.facebook.com\/profile.php?id=100064068909354"]}]}},"_links":{"self":[{"href":"https:\/\/www.multipartner.hr\/hr\/wp-json\/wp\/v2\/pages\/1157","targetHints":{"allow":["GET"]}}],"collection":[{"href":"https:\/\/www.multipartner.hr\/hr\/wp-json\/wp\/v2\/pages"}],"about":[{"href":"https:\/\/www.multipartner.hr\/hr\/wp-json\/wp\/v2\/types\/page"}],"author":[{"embeddable":true,"href":"https:\/\/www.multipartner.hr\/hr\/wp-json\/wp\/v2\/users\/1"}],"replies":[{"embeddable":true,"href":"https:\/\/www.multipartner.hr\/hr\/wp-json\/wp\/v2\/comments?post=1157"}],"version-history":[{"count":4,"href":"https:\/\/www.multipartner.hr\/hr\/wp-json\/wp\/v2\/pages\/1157\/revisions"}],"predecessor-version":[{"id":2754,"href":"https:\/\/www.multipartner.hr\/hr\/wp-json\/wp\/v2\/pages\/1157\/revisions\/2754"}],"wp:attachment":[{"href":"https:\/\/www.multipartner.hr\/hr\/wp-json\/wp\/v2\/media?parent=1157"}],"curies":[{"name":"wp","href":"https:\/\/api.w.org\/{rel}","templated":true}]}}