{"id":1166,"date":"2017-12-01T09:47:31","date_gmt":"2017-12-01T09:47:31","guid":{"rendered":"http:\/\/www.multipartner.hr\/?page_id=1166"},"modified":"2024-02-28T11:54:43","modified_gmt":"2024-02-28T11:54:43","slug":"multicomfort","status":"publish","type":"page","link":"https:\/\/www.multipartner.hr\/en\/multicomfort\/","title":{"rendered":"MultiComfort"},"content":{"rendered":"<div class=\"wpb-content-wrapper\"><p>[vc_row type=&#8221;vc_default&#8221; css=&#8221;.vc_custom_1474268037787{margin-bottom: -30px !important;padding-bottom: 30px !important;}&#8221;][vc_column offset=&#8221;vc_col-lg-12 vc_col-md-12 vc_col-xs-12&#8243;]<div id=\"ult-carousel-412858856469dff71b40511\" class=\"ult-carousel-wrapper   ult_horizontal\" data-gutter=\"15\" data-rtl=\"false\" ><div class=\"ult-carousel-24061091169dff71b404e4 \" >[vc_single_image image=&#8221;2368&#8243; img_size=&#8221;full&#8221; alignment=&#8221;center&#8221;]<\/div><\/div>\t\t\t<script type=\"text\/javascript\">\n\t\t\t\tjQuery(document).ready(function ($) {\n\t\t\t\t\tif( typeof jQuery('.ult-carousel-24061091169dff71b404e4').slick == \"function\"){\n\t\t\t\t\t\t$('.ult-carousel-24061091169dff71b404e4').slick({dots: true,autoplay: true,autoplaySpeed: \"4000\",speed: \"1000\",infinite: true,arrows: false,slidesToScroll:1,slidesToShow:1,swipe: true,draggable: true,touchMove: true,pauseOnHover: true,pauseOnFocus: false,responsive: [\n\t\t\t\t\t\t\t{\n\t\t\t\t\t\t\t  breakpoint: 1026,\n\t\t\t\t\t\t\t  settings: {\n\t\t\t\t\t\t\t\tslidesToShow: 1,\n\t\t\t\t\t\t\t\tslidesToScroll: 1,  \n\t\t\t\t\t\t\t  }\n\t\t\t\t\t\t\t},\n\t\t\t\t\t\t\t{\n\t\t\t\t\t\t\t  breakpoint: 1025,\n\t\t\t\t\t\t\t  settings: {\n\t\t\t\t\t\t\t\tslidesToShow: 1,\n\t\t\t\t\t\t\t\tslidesToScroll: 1\n\t\t\t\t\t\t\t  }\n\t\t\t\t\t\t\t},\n\t\t\t\t\t\t\t{\n\t\t\t\t\t\t\t  breakpoint: 760,\n\t\t\t\t\t\t\t  settings: {\n\t\t\t\t\t\t\t\tslidesToShow: 1,\n\t\t\t\t\t\t\t\tslidesToScroll: 1\n\t\t\t\t\t\t\t  }\n\t\t\t\t\t\t\t}\n\t\t\t\t\t\t],pauseOnDotsHover: true,customPaging: function(slider, i) {\n                   return '<i type=\"button\" style= \"color:#4891d0;\" class=\"ultsl-record\" data-role=\"none\"><\/i>';\n                },});\n\t\t\t\t\t}\n\t\t\t\t});\n\t\t\t<\/script>\n\t\t\t[vc_empty_space]<div id=\"ultimate-heading-327569dff71b405b1\" class=\"uvc-heading ult-adjust-bottom-margin ultimate-heading-327569dff71b405b1 uvc-4647 accent-border-color\" data-hspacer=\"line_only\"  data-halign=\"left\" style=\"text-align:left\"><div class=\"uvc-main-heading ult-responsive\"  data-ultimate-target='.uvc-heading.ultimate-heading-327569dff71b405b1 h2'  data-responsive-json-new='{\"font-size\":\"desktop:26px;\",\"line-height\":\"desktop:36px;\"}' ><h2 style=\"font-weight:bold;margin-top:20px;\">Air conditioning for buses and trucks, service and sales<\/h2><\/div><div class=\"uvc-heading-spacer line_only\" style=\"margin-top:15px;margin-bottom:30px;height:4px;\"><span class=\"uvc-headings-line\" style=\"border-style:solid;border-bottom-width:4px;border-color:;width:50px;\"><\/span><\/div><\/div>[vc_column_text]Our company offers complete solutions for air conditioning of cabins for trucks and buses. We\u2019d like to particularly emphasize the possibility of servicing existing air conditioners, installing new units, and repairing and replacing old system components.<\/p>\n<p>It\u2019s almost inconceivable to drive a vehicle without an air conditioner today. If your vehicle does not have a factory-fitted air conditioner, we can offer you the retrofit installation of air conditioners on personal vehicles, freight vehicles (vans and trucks) or buses.<\/p>\n<p>We are especially proud of the knowledge and experience of our staff in complex retrofitting of such equipment.[\/vc_column_text][vc_media_grid element_width=&#8221;2&#8243; gap=&#8221;3&#8243; item=&#8221;mediaGrid_FadeInWithIcon&#8221; grid_id=&#8221;vc_gid:1580909674620-909a17bd-188c-5&#8243; include=&#8221;1387,1385,1388,1661,1662,1663&#8243;][vc_empty_space height=&#8221;60px&#8221;][\/vc_column][\/vc_row][vc_row type=&#8221;vc_default&#8221; css=&#8221;.vc_custom_1474268037787{margin-bottom: -30px !important;padding-bottom: 30px !important;}&#8221;][vc_column offset=&#8221;vc_col-lg-12 vc_col-md-12 vc_col-xs-12&#8243;]<div id=\"ultimate-heading-540769dff71b40658\" class=\"uvc-heading ult-adjust-bottom-margin ultimate-heading-540769dff71b40658 uvc-9349 accent-border-color\" data-hspacer=\"line_only\"  data-halign=\"left\" style=\"text-align:left\"><div class=\"uvc-main-heading ult-responsive\"  data-ultimate-target='.uvc-heading.ultimate-heading-540769dff71b40658 h2'  data-responsive-json-new='{\"font-size\":\"desktop:26px;\",\"line-height\":\"desktop:36px;\"}' ><h2 style=\"font-weight:bold;\">VIESA Kompressor III<\/h2><\/div><div class=\"uvc-sub-heading ult-responsive\"  data-ultimate-target='.uvc-heading.ultimate-heading-540769dff71b40658 .uvc-sub-heading '  data-responsive-json-new='{\"font-size\":\"\",\"line-height\":\"\"}'  style=\"font-weight:normal;\">Parking air conditioner<\/div><div class=\"uvc-heading-spacer line_only\" style=\"margin-top:15px;margin-bottom:30px;height:4px;\"><span class=\"uvc-headings-line\" style=\"border-style:solid;border-bottom-width:4px;border-color:;width:50px;\"><\/span><\/div><\/div>[vc_column_text css=&#8221;.vc_custom_1572000256171{padding-bottom: 10px !important;}&#8221;]<img loading=\"lazy\" decoding=\"async\" class=\"alignnone size-full wp-image-2179\" src=\"https:\/\/www.multipartner.hr\/wp-content\/uploads\/2019\/10\/viesa-kompressor-iii.jpg\" alt=\"\" width=\"964\" height=\"392\" srcset=\"https:\/\/www.multipartner.hr\/wp-content\/uploads\/2019\/10\/viesa-kompressor-iii.jpg 964w, https:\/\/www.multipartner.hr\/wp-content\/uploads\/2019\/10\/viesa-kompressor-iii-300x122.jpg 300w, https:\/\/www.multipartner.hr\/wp-content\/uploads\/2019\/10\/viesa-kompressor-iii-768x312.jpg 768w\" sizes=\"auto, (max-width: 964px) 100vw, 964px\" \/>The VIESA Kompressor III offers drivers a fresh and quiet environment in which to rest.<br \/>\nLow power absorption allows for greater self-sufficiency with the vehicle parked, while the use of innovative materials ensures limited weight requirements and reduced vibrations, providing superior acoustic comfort.<\/p>\n<p>VIESA Kompressor III is the end result of over three years of development, in partnership with the Thermotechnical Department of the Faculty of Engineering at the University of Florence. Designed to guarantee the best comfort while parked, the system maintains a constant temperature within the cabin, ensuring a peaceful rest for drivers during parking breaks.<\/p>\n<p><img loading=\"lazy\" decoding=\"async\" class=\"alignnone size-medium wp-image-2185\" src=\"https:\/\/www.multipartner.hr\/wp-content\/uploads\/2019\/10\/Kompressor_IIIs_01-300x166.jpg\" alt=\"\" width=\"300\" height=\"166\" srcset=\"https:\/\/www.multipartner.hr\/wp-content\/uploads\/2019\/10\/Kompressor_IIIs_01-300x166.jpg 300w, https:\/\/www.multipartner.hr\/wp-content\/uploads\/2019\/10\/Kompressor_IIIs_01-768x425.jpg 768w, https:\/\/www.multipartner.hr\/wp-content\/uploads\/2019\/10\/Kompressor_IIIs_01.jpg 1000w\" sizes=\"auto, (max-width: 300px) 100vw, 300px\" \/>Powerful and energy efficient, this Viesa air conditioner stands out for its silent operation. The unit\u2019s electronics feature an accumulator protection system that is specifically designed for starting batteries on industrial vehicles. All components are derived from \u201cautomotive\u201d technology, so that repairs and maintenance can be performed by any specialized automotive workshop anywhere in the world. Vehicle downtime is reduced thanks to the system\u2019s quick assembly. Very few system components ultimately means maximum reliability.[\/vc_column_text][vc_empty_space height=&#8221;60px&#8221;][\/vc_column][\/vc_row][vc_row type=&#8221;vc_default&#8221; css=&#8221;.vc_custom_1474268037787{margin-bottom: -30px !important;padding-bottom: 30px !important;}&#8221;][vc_column offset=&#8221;vc_col-lg-12 vc_col-md-12 vc_col-xs-12&#8243;]<div id=\"ultimate-heading-428169dff71b406a8\" class=\"uvc-heading ult-adjust-bottom-margin ultimate-heading-428169dff71b406a8 uvc-4 accent-border-color\" data-hspacer=\"line_only\"  data-halign=\"left\" style=\"text-align:left\"><div class=\"uvc-main-heading ult-responsive\"  data-ultimate-target='.uvc-heading.ultimate-heading-428169dff71b406a8 h2'  data-responsive-json-new='{\"font-size\":\"desktop:26px;\",\"line-height\":\"desktop:36px;\"}' ><h2 style=\"font-weight:bold;\">FRESCO GENIUS<\/h2><\/div><div class=\"uvc-sub-heading ult-responsive\"  data-ultimate-target='.uvc-heading.ultimate-heading-428169dff71b406a8 .uvc-sub-heading '  data-responsive-json-new='{\"font-size\":\"\",\"line-height\":\"\"}'  style=\"font-weight:normal;\">Parking air conditioner<\/div><div class=\"uvc-heading-spacer line_only\" style=\"margin-top:15px;margin-bottom:30px;height:4px;\"><span class=\"uvc-headings-line\" style=\"border-style:solid;border-bottom-width:4px;border-color:;width:50px;\"><\/span><\/div><\/div>[vc_column_text css=&#8221;.vc_custom_1571999757104{padding-bottom: 10px !important;}&#8221;]Fresco Genius is a novelty on our market and a revolution in truck air conditioning during rest &#8211; 100% invisible and integrated parking air conditioning.<\/p>\n<p>The cooling capacity of the FRESCO GENIUS unit is equal to that of the working climate, and the system is fully integrated into the vehicle without visible elements.<\/p>\n<p>What sets GENIUS apart from other parking air conditioners is better performance, better aerodynamics, free security hatch and &#8216;under-the-hood&#8217; compressor allowing air-conditioned air to be pushed directly through original vents.<\/p>\n<p><img loading=\"lazy\" decoding=\"async\" class=\"alignnone size-full wp-image-1927\" src=\"https:\/\/www.multipartner.hr\/wp-content\/uploads\/2019\/03\/Selection_999908.jpg\" alt=\"\" width=\"870\" height=\"491\" srcset=\"https:\/\/www.multipartner.hr\/wp-content\/uploads\/2019\/03\/Selection_999908.jpg 870w, https:\/\/www.multipartner.hr\/wp-content\/uploads\/2019\/03\/Selection_999908-300x169.jpg 300w, https:\/\/www.multipartner.hr\/wp-content\/uploads\/2019\/03\/Selection_999908-768x433.jpg 768w\" sizes=\"auto, (max-width: 870px) 100vw, 870px\" \/>[\/vc_column_text][vc_empty_space height=&#8221;60px&#8221;][\/vc_column][\/vc_row][vc_row type=&#8221;vc_default&#8221; css=&#8221;.vc_custom_1515066444729{padding-bottom: 60px !important;}&#8221;][vc_column offset=&#8221;vc_col-lg-12 vc_col-md-12 vc_col-xs-12&#8243;]<div id=\"ultimate-heading-384469dff71b406ea\" class=\"uvc-heading ult-adjust-bottom-margin ultimate-heading-384469dff71b406ea uvc-689 accent-border-color\" data-hspacer=\"line_only\"  data-halign=\"left\" style=\"text-align:left\"><div class=\"uvc-main-heading ult-responsive\"  data-ultimate-target='.uvc-heading.ultimate-heading-384469dff71b406ea h2'  data-responsive-json-new='{\"font-size\":\"desktop:26px;\",\"line-height\":\"desktop:36px;\"}' ><h2 style=\"font-weight:bold;\">Heating systems for vessels<\/h2><\/div><div class=\"uvc-heading-spacer line_only\" style=\"margin-top:15px;margin-bottom:30px;height:4px;\"><span class=\"uvc-headings-line\" style=\"border-style:solid;border-bottom-width:4px;border-color:;width:50px;\"><\/span><\/div><\/div>[vc_column_text]Webasto air conditioners help achieve optimum heat control while increasing the comfort of staying on your boat, yacht or in a vehicle in every season. Webasto heating and air conditioning units use world-class technology and are recognized as a symbol of comfort. Years of our partnership with the company ensures the highest level of expertise and a large stock of original parts. We recommend their air and water heaters, and air conditioners.<\/p>\n<p>Webasto air heaters represent an economical heating solution, they are easy to operate and maintain. The unit is quiet and ensures constant pleasant temperature of heated space, boat or road vehicle. Moisture and cold will remain where they belong &#8211; outside. We offer two years of warranty for all their units.<\/p>\n<p>Webasto water heaters provide much more than just warm air &#8211; they provide warm water for shower and cooking, and the possibility to preheat the engine. Their additional advantage is the installation in the engine compartment, which saves cabin space.<\/p>\n<p>Webasto air conditioning units for boats &#8211; Superior Webasto systems will make your boats and yachts feel like home by ensuring fresh ambience during eating, sleeping or after sunbathing.<\/p>\n<p>Find out more about Webasto products at http:\/\/www.webasto.com\/int\/[\/vc_column_text][vc_media_grid element_width=&#8221;2&#8243; gap=&#8221;3&#8243; grid_id=&#8221;vc_gid:1580909674627-e4da717b-d4b4-0&#8243; include=&#8221;1391,1392&#8243;][vc_empty_space height=&#8221;30px&#8221;][\/vc_column][\/vc_row]<\/p>\n<\/div>","protected":false},"excerpt":{"rendered":"<p>[vc_row type=&#8221;vc_default&#8221; css=&#8221;.vc_custom_1474268037787{margin-bottom: -30px !important;padding-bottom: 30px !important;}&#8221;][vc_column offset=&#8221;vc_col-lg-12 vc_col-md-12 vc_col-xs-12&#8243;][vc_empty_space][vc_column_text]Our company offers complete solutions for air conditioning of cabins for trucks and buses. We\u2019d like to particularly emphasize the possibility of servicing existing air conditioners, installing new units, and repairing and replacing old system components. It\u2019s almost inconceivable to drive a vehicle without an air&hellip;<\/p>\n","protected":false},"author":1,"featured_media":0,"parent":0,"menu_order":0,"comment_status":"closed","ping_status":"closed","template":"","meta":{"footnotes":""},"class_list":["post-1166","page","type-page","status-publish","hentry","description-off"],"yoast_head":"<!-- This site is optimized with the Yoast SEO plugin v26.4 - https:\/\/yoast.com\/wordpress\/plugins\/seo\/ -->\n<title>Klime za autobuse i kamione - MultiPartner<\/title>\n<meta name=\"description\" content=\"Nudimo cjelovita rje\u0161enja za klimatizaciju autobusa i kabine kamiona, a posebno isti\u010demo mogu\u0107nost servisa postoje\u0107ih klima ure\u0111aja,\" \/>\n<meta name=\"robots\" content=\"index, follow, max-snippet:-1, max-image-preview:large, max-video-preview:-1\" \/>\n<link rel=\"canonical\" href=\"https:\/\/www.multipartner.hr\/en\/multicomfort\/\" \/>\n<meta property=\"og:locale\" content=\"en_US\" \/>\n<meta property=\"og:type\" content=\"article\" \/>\n<meta property=\"og:title\" content=\"Klime za autobuse i kamione - MultiPartner\" \/>\n<meta property=\"og:description\" content=\"Nudimo cjelovita rje\u0161enja za klimatizaciju autobusa i kabine kamiona, a posebno isti\u010demo mogu\u0107nost servisa postoje\u0107ih klima ure\u0111aja,\" \/>\n<meta property=\"og:url\" content=\"https:\/\/www.multipartner.hr\/en\/multicomfort\/\" \/>\n<meta property=\"og:site_name\" content=\"MultiPartner\" \/>\n<meta property=\"article:publisher\" content=\"https:\/\/www.facebook.com\/profile.php?id=100064068909354\" \/>\n<meta property=\"article:modified_time\" content=\"2024-02-28T11:54:43+00:00\" \/>\n<meta property=\"og:image\" content=\"https:\/\/www.multipartner.hr\/wp-content\/uploads\/2019\/10\/viesa-kompressor-iii.jpg\" \/>\n<meta name=\"twitter:card\" content=\"summary_large_image\" \/>\n<meta name=\"twitter:label1\" content=\"Est. reading time\" \/>\n\t<meta name=\"twitter:data1\" content=\"8 minutes\" \/>\n<script type=\"application\/ld+json\" class=\"yoast-schema-graph\">{\"@context\":\"https:\/\/schema.org\",\"@graph\":[{\"@type\":\"WebPage\",\"@id\":\"https:\/\/www.multipartner.hr\/en\/multicomfort\/\",\"url\":\"https:\/\/www.multipartner.hr\/en\/multicomfort\/\",\"name\":\"Klime za autobuse i kamione - MultiPartner\",\"isPartOf\":{\"@id\":\"https:\/\/www.multipartner.hr\/en\/#website\"},\"primaryImageOfPage\":{\"@id\":\"https:\/\/www.multipartner.hr\/en\/multicomfort\/#primaryimage\"},\"image\":{\"@id\":\"https:\/\/www.multipartner.hr\/multicomfort\/#primaryimage\"},\"thumbnailUrl\":\"https:\/\/www.multipartner.hr\/wp-content\/uploads\/2019\/10\/viesa-kompressor-iii.jpg\",\"datePublished\":\"2017-12-01T09:47:31+00:00\",\"dateModified\":\"2024-02-28T11:54:43+00:00\",\"description\":\"Nudimo cjelovita rje\u0161enja za klimatizaciju autobusa i kabine kamiona, a posebno isti\u010demo mogu\u0107nost servisa postoje\u0107ih klima ure\u0111aja,\",\"breadcrumb\":{\"@id\":\"https:\/\/www.multipartner.hr\/en\/multicomfort\/#breadcrumb\"},\"inLanguage\":\"en-US\",\"potentialAction\":[{\"@type\":\"ReadAction\",\"target\":[[\"https:\/\/www.multipartner.hr\/en\/multicomfort\/\"]]}]},{\"@type\":\"ImageObject\",\"inLanguage\":\"en-US\",\"@id\":\"https:\/\/www.multipartner.hr\/en\/multicomfort\/#primaryimage\",\"url\":\"https:\/\/www.multipartner.hr\/wp-content\/uploads\/2019\/10\/viesa-kompressor-iii.jpg\",\"contentUrl\":\"https:\/\/www.multipartner.hr\/wp-content\/uploads\/2019\/10\/viesa-kompressor-iii.jpg\"},{\"@type\":\"BreadcrumbList\",\"@id\":\"https:\/\/www.multipartner.hr\/en\/multicomfort\/#breadcrumb\",\"itemListElement\":[{\"@type\":\"ListItem\",\"position\":1,\"name\":\"Home\",\"item\":\"https:\/\/www.multipartner.hr\/en\/\"},{\"@type\":\"ListItem\",\"position\":2,\"name\":\"MultiComfort\"}]},{\"@type\":\"WebSite\",\"@id\":\"https:\/\/www.multipartner.hr\/en\/#website\",\"url\":\"https:\/\/www.multipartner.hr\/en\/\",\"name\":\"MultiPartner\",\"description\":\"Nadogradnje vozila\",\"publisher\":{\"@id\":\"https:\/\/www.multipartner.hr\/en\/#organization\"},\"potentialAction\":[{\"@type\":\"SearchAction\",\"target\":{\"@type\":\"EntryPoint\",\"urlTemplate\":\"https:\/\/www.multipartner.hr\/en\/?s={search_term_string}\"},\"query-input\":{\"@type\":\"PropertyValueSpecification\",\"valueRequired\":true,\"valueName\":\"search_term_string\"}}],\"inLanguage\":\"en-US\"},{\"@type\":\"Organization\",\"@id\":\"https:\/\/www.multipartner.hr\/en\/#organization\",\"name\":\"MultiPartner\",\"url\":\"https:\/\/www.multipartner.hr\/en\/\",\"logo\":{\"@type\":\"ImageObject\",\"inLanguage\":\"en-US\",\"@id\":\"https:\/\/www.multipartner.hr\/en\/#\/schema\/logo\/image\/\",\"url\":\"https:\/\/www.multipartner.hr\/wp-content\/uploads\/2017\/11\/multipartner-logotip.png\",\"contentUrl\":\"https:\/\/www.multipartner.hr\/wp-content\/uploads\/2017\/11\/multipartner-logotip.png\",\"width\":186,\"height\":40,\"caption\":\"MultiPartner\"},\"image\":{\"@id\":\"https:\/\/www.multipartner.hr\/en\/#\/schema\/logo\/image\/\"},\"sameAs\":[\"https:\/\/www.facebook.com\/profile.php?id=100064068909354\"]}]}<\/script>\n<!-- \/ Yoast SEO plugin. -->","yoast_head_json":{"title":"Klime za autobuse i kamione - MultiPartner","description":"Nudimo cjelovita rje\u0161enja za klimatizaciju autobusa i kabine kamiona, a posebno isti\u010demo mogu\u0107nost servisa postoje\u0107ih klima ure\u0111aja,","robots":{"index":"index","follow":"follow","max-snippet":"max-snippet:-1","max-image-preview":"max-image-preview:large","max-video-preview":"max-video-preview:-1"},"canonical":"https:\/\/www.multipartner.hr\/en\/multicomfort\/","og_locale":"en_US","og_type":"article","og_title":"Klime za autobuse i kamione - MultiPartner","og_description":"Nudimo cjelovita rje\u0161enja za klimatizaciju autobusa i kabine kamiona, a posebno isti\u010demo mogu\u0107nost servisa postoje\u0107ih klima ure\u0111aja,","og_url":"https:\/\/www.multipartner.hr\/en\/multicomfort\/","og_site_name":"MultiPartner","article_publisher":"https:\/\/www.facebook.com\/profile.php?id=100064068909354","article_modified_time":"2024-02-28T11:54:43+00:00","og_image":[{"url":"https:\/\/www.multipartner.hr\/wp-content\/uploads\/2019\/10\/viesa-kompressor-iii.jpg","type":"","width":"","height":""}],"twitter_card":"summary_large_image","twitter_misc":{"Est. reading time":"8 minutes"},"schema":{"@context":"https:\/\/schema.org","@graph":[{"@type":"WebPage","@id":"https:\/\/www.multipartner.hr\/en\/multicomfort\/","url":"https:\/\/www.multipartner.hr\/en\/multicomfort\/","name":"Klime za autobuse i kamione - MultiPartner","isPartOf":{"@id":"https:\/\/www.multipartner.hr\/en\/#website"},"primaryImageOfPage":{"@id":"https:\/\/www.multipartner.hr\/en\/multicomfort\/#primaryimage"},"image":{"@id":"https:\/\/www.multipartner.hr\/multicomfort\/#primaryimage"},"thumbnailUrl":"https:\/\/www.multipartner.hr\/wp-content\/uploads\/2019\/10\/viesa-kompressor-iii.jpg","datePublished":"2017-12-01T09:47:31+00:00","dateModified":"2024-02-28T11:54:43+00:00","description":"Nudimo cjelovita rje\u0161enja za klimatizaciju autobusa i kabine kamiona, a posebno isti\u010demo mogu\u0107nost servisa postoje\u0107ih klima ure\u0111aja,","breadcrumb":{"@id":"https:\/\/www.multipartner.hr\/en\/multicomfort\/#breadcrumb"},"inLanguage":"en-US","potentialAction":[{"@type":"ReadAction","target":[["https:\/\/www.multipartner.hr\/en\/multicomfort\/"]]}]},{"@type":"ImageObject","inLanguage":"en-US","@id":"https:\/\/www.multipartner.hr\/en\/multicomfort\/#primaryimage","url":"https:\/\/www.multipartner.hr\/wp-content\/uploads\/2019\/10\/viesa-kompressor-iii.jpg","contentUrl":"https:\/\/www.multipartner.hr\/wp-content\/uploads\/2019\/10\/viesa-kompressor-iii.jpg"},{"@type":"BreadcrumbList","@id":"https:\/\/www.multipartner.hr\/en\/multicomfort\/#breadcrumb","itemListElement":[{"@type":"ListItem","position":1,"name":"Home","item":"https:\/\/www.multipartner.hr\/en\/"},{"@type":"ListItem","position":2,"name":"MultiComfort"}]},{"@type":"WebSite","@id":"https:\/\/www.multipartner.hr\/en\/#website","url":"https:\/\/www.multipartner.hr\/en\/","name":"MultiPartner","description":"Nadogradnje vozila","publisher":{"@id":"https:\/\/www.multipartner.hr\/en\/#organization"},"potentialAction":[{"@type":"SearchAction","target":{"@type":"EntryPoint","urlTemplate":"https:\/\/www.multipartner.hr\/en\/?s={search_term_string}"},"query-input":{"@type":"PropertyValueSpecification","valueRequired":true,"valueName":"search_term_string"}}],"inLanguage":"en-US"},{"@type":"Organization","@id":"https:\/\/www.multipartner.hr\/en\/#organization","name":"MultiPartner","url":"https:\/\/www.multipartner.hr\/en\/","logo":{"@type":"ImageObject","inLanguage":"en-US","@id":"https:\/\/www.multipartner.hr\/en\/#\/schema\/logo\/image\/","url":"https:\/\/www.multipartner.hr\/wp-content\/uploads\/2017\/11\/multipartner-logotip.png","contentUrl":"https:\/\/www.multipartner.hr\/wp-content\/uploads\/2017\/11\/multipartner-logotip.png","width":186,"height":40,"caption":"MultiPartner"},"image":{"@id":"https:\/\/www.multipartner.hr\/en\/#\/schema\/logo\/image\/"},"sameAs":["https:\/\/www.facebook.com\/profile.php?id=100064068909354"]}]}},"_links":{"self":[{"href":"https:\/\/www.multipartner.hr\/en\/wp-json\/wp\/v2\/pages\/1166","targetHints":{"allow":["GET"]}}],"collection":[{"href":"https:\/\/www.multipartner.hr\/en\/wp-json\/wp\/v2\/pages"}],"about":[{"href":"https:\/\/www.multipartner.hr\/en\/wp-json\/wp\/v2\/types\/page"}],"author":[{"embeddable":true,"href":"https:\/\/www.multipartner.hr\/en\/wp-json\/wp\/v2\/users\/1"}],"replies":[{"embeddable":true,"href":"https:\/\/www.multipartner.hr\/en\/wp-json\/wp\/v2\/comments?post=1166"}],"version-history":[{"count":6,"href":"https:\/\/www.multipartner.hr\/en\/wp-json\/wp\/v2\/pages\/1166\/revisions"}],"predecessor-version":[{"id":4329,"href":"https:\/\/www.multipartner.hr\/en\/wp-json\/wp\/v2\/pages\/1166\/revisions\/4329"}],"wp:attachment":[{"href":"https:\/\/www.multipartner.hr\/en\/wp-json\/wp\/v2\/media?parent=1166"}],"curies":[{"name":"wp","href":"https:\/\/api.w.org\/{rel}","templated":true}]}}